{"id":11166,"date":"2022-08-22T15:13:48","date_gmt":"2022-08-22T15:13:48","guid":{"rendered":"https:\/\/honeywellpluggedin.ca\/a-propos-des-purificateurs-dair\/"},"modified":"2025-07-04T21:09:11","modified_gmt":"2025-07-04T21:09:11","slug":"a-propos-des-purificateurs-dair","status":"publish","type":"page","link":"https:\/\/honeywellpluggedin.ca\/fr\/a-propos-des-purificateurs-dair\/","title":{"rendered":"\u00c0 propos des purificateurs d\u2019air"},"content":{"rendered":"<p>[et_pb_section fb_built=\u00a0\u00bb1&Prime; _builder_version=\u00a0\u00bb4.14.5&Prime; _module_preset=\u00a0\u00bbdefault\u00a0\u00bb background_color=\u00a0\u00bb#f7f9fb\u00a0\u00bb background_image=\u00a0\u00bbhttps:\/\/honeywellpluggedin.ca\/wp-content\/uploads\/hero_cat-purifiers.png\u00a0\u00bb module_alignment=\u00a0\u00bbcenter\u00a0\u00bb custom_margin=\u00a0\u00bb0px||0px||false|false\u00a0\u00bb custom_padding=\u00a0\u00bb14em||14em||true|false\u00a0\u00bb global_colors_info=\u00a0\u00bb{}\u00a0\u00bb][et_pb_row use_custom_gutter=\u00a0\u00bbon\u00a0\u00bb _builder_version=\u00a0\u00bb4.14.5&Prime; _module_preset=\u00a0\u00bbdefault\u00a0\u00bb background_color=\u00a0\u00bbrgba(0,0,0,0.4)\u00a0\u00bb max_width=\u00a0\u00bb600px\u00a0\u00bb module_alignment=\u00a0\u00bbcenter\u00a0\u00bb global_colors_info=\u00a0\u00bb{}\u00a0\u00bb][et_pb_column type=\u00a0\u00bb4_4&Prime; _builder_version=\u00a0\u00bb4.14.5&Prime; _module_preset=\u00a0\u00bbdefault\u00a0\u00bb global_colors_info=\u00a0\u00bb{}\u00a0\u00bb][et_pb_text module_class=\u00a0\u00bbabout-title-ap\u00a0\u00bb _builder_version=\u00a0\u00bb4.14.5&Prime; _module_preset=\u00a0\u00bbdefault\u00a0\u00bb module_alignment=\u00a0\u00bbcenter\u00a0\u00bb global_colors_info=\u00a0\u00bb{}\u00a0\u00bb]<\/p>\n<h1 class=\"hpi-header-2 width-80\">Reviens chez toi dans un air plus pur<\/h1>\n<p>[\/et_pb_text][et_pb_button button_text=\u00a0\u00bbTrouvez le purificateur d&apos;air qui vous convient\u00a0\u00bb button_alignment=\u00a0\u00bbcenter\u00a0\u00bb _builder_version=\u00a0\u00bb4.14.5&Prime; _module_preset=\u00a0\u00bbdefault\u00a0\u00bb custom_button=\u00a0\u00bbon\u00a0\u00bb button_text_size=\u00a0\u00bb14px\u00a0\u00bb button_text_color=\u00a0\u00bb#FFFFFF\u00a0\u00bb button_bg_color=\u00a0\u00bb#1792e5&Prime; button_border_width=\u00a0\u00bb0px\u00a0\u00bb button_border_radius=\u00a0\u00bb0px\u00a0\u00bb button_font=\u00a0\u00bb|||on|||||\u00a0\u00bb button_use_icon=\u00a0\u00bboff\u00a0\u00bb custom_padding=\u00a0\u00bb9px||||false|false\u00a0\u00bb global_colors_info=\u00a0\u00bb{}\u00a0\u00bb][\/et_pb_button][\/et_pb_column][\/et_pb_row][\/et_pb_section][et_pb_section fb_built=\u00a0\u00bb1&Prime; _builder_version=\u00a0\u00bb4.14.5&Prime; _module_preset=\u00a0\u00bbdefault\u00a0\u00bb background_color=\u00a0\u00bb#FFFFFF\u00a0\u00bb module_alignment=\u00a0\u00bbcenter\u00a0\u00bb custom_margin=\u00a0\u00bb0px||0px||false|false\u00a0\u00bb custom_padding=\u00a0\u00bb11px||0px||false|false\u00a0\u00bb global_colors_info=\u00a0\u00bb{}\u00a0\u00bb][et_pb_row _builder_version=\u00a0\u00bb4.14.5&Prime; _module_preset=\u00a0\u00bbdefault\u00a0\u00bb custom_padding=\u00a0\u00bb70px|||||\u00a0\u00bb global_colors_info=\u00a0\u00bb{}\u00a0\u00bb][et_pb_column type=\u00a0\u00bb4_4&Prime; _builder_version=\u00a0\u00bb4.14.5&Prime; _module_preset=\u00a0\u00bbdefault\u00a0\u00bb global_colors_info=\u00a0\u00bb{}\u00a0\u00bb][et_pb_text module_class=\u00a0\u00bbcat-about\u00a0\u00bb _builder_version=\u00a0\u00bb4.14.5&Prime; _module_preset=\u00a0\u00bbdefault\u00a0\u00bb text_orientation=\u00a0\u00bbcenter\u00a0\u00bb max_width=\u00a0\u00bb600px\u00a0\u00bb module_alignment=\u00a0\u00bbcenter\u00a0\u00bb global_colors_info=\u00a0\u00bb{}\u00a0\u00bb]<\/p>\n<h3>Que vous ayez des allergies, de l&rsquo;asthme ou que vous souhaitiez simplement un air plus frais et plus pur dans votre maison, nous avons un purificateur d&rsquo;air pour vous.<\/h3>\n<p>[\/et_pb_text][\/et_pb_column][\/et_pb_row][\/et_pb_section][et_pb_section fb_built=\u00a0\u00bb1&Prime; _builder_version=\u00a0\u00bb4.14.5&Prime; _module_preset=\u00a0\u00bbdefault\u00a0\u00bb background_color=\u00a0\u00bb#fdfcfa\u00a0\u00bb global_colors_info=\u00a0\u00bb{}\u00a0\u00bb][et_pb_row _builder_version=\u00a0\u00bb4.14.5&Prime; _module_preset=\u00a0\u00bbdefault\u00a0\u00bb global_colors_info=\u00a0\u00bb{}\u00a0\u00bb][et_pb_column type=\u00a0\u00bb4_4&Prime; _builder_version=\u00a0\u00bb4.14.5&Prime; _module_preset=\u00a0\u00bbdefault\u00a0\u00bb global_colors_info=\u00a0\u00bb{}\u00a0\u00bb][et_pb_text _builder_version=\u00a0\u00bb4.14.5&Prime; _module_preset=\u00a0\u00bbdefault\u00a0\u00bb global_colors_info=\u00a0\u00bb{}\u00a0\u00bb]<\/p>\n<h2>Pourquoi purifier votre air ?<\/h2>\n<p>[\/et_pb_text][\/et_pb_column][\/et_pb_row][et_pb_row column_structure=\u00a0\u00bb1_3,1_3,1_3&Prime; _builder_version=\u00a0\u00bb4.14.5&Prime; _module_preset=\u00a0\u00bbdefault\u00a0\u00bb global_colors_info=\u00a0\u00bb{}\u00a0\u00bb][et_pb_column type=\u00a0\u00bb1_3&Prime; _builder_version=\u00a0\u00bb4.14.5&Prime; _module_preset=\u00a0\u00bbdefault\u00a0\u00bb global_colors_info=\u00a0\u00bb{}\u00a0\u00bb][et_pb_text module_class=\u00a0\u00bbcat-about\u00a0\u00bb _builder_version=\u00a0\u00bb4.14.5&Prime; _module_preset=\u00a0\u00bbdefault\u00a0\u00bb global_colors_info=\u00a0\u00bb{}\u00a0\u00bb]<\/p>\n<h3>Capture jusqu&rsquo;\u00e0 99,97 % des allerg\u00e8nes. <sup>1<\/sup><\/h3>\n<p>Les filtres HEPA certifi\u00e9s de nos purificateurs d&rsquo;air capturent jusqu&rsquo;\u00e0 99,97 % des allerg\u00e8nes a\u00e9roport\u00e9s plus gros ainsi que d&rsquo;autres particules microscopiques aussi petites que 0,3 micron dans l&rsquo;air qui passe \u00e0 travers les filtres.[\/et_pb_text][\/et_pb_column][et_pb_column type=\u00a0\u00bb1_3&Prime; _builder_version=\u00a0\u00bb4.14.5&Prime; _module_preset=\u00a0\u00bbdefault\u00a0\u00bb global_colors_info=\u00a0\u00bb{}\u00a0\u00bb][et_pb_text module_class=\u00a0\u00bbcat-about\u00a0\u00bb _builder_version=\u00a0\u00bb4.14.5&Prime; _module_preset=\u00a0\u00bbdefault\u00a0\u00bb global_colors_info=\u00a0\u00bb{}\u00a0\u00bb]<\/p>\n<h3>Renvoie de l\u2019air plus propre et plus frais dans ta chambre.<\/h3>\n<p>Les purificateurs d&rsquo;air Honeywell aspirent l&rsquo;air contamin\u00e9 et sale dans l&rsquo;appareil, le for\u00e7ant \u00e0 passer \u00e0 travers un syst\u00e8me de filtration robuste qui \u00e9limine les polluants et capture les odeurs et les COV. Le r\u00e9sultat est que de l&rsquo;air plus propre et plus frais est renvoy\u00e9 dans la pi\u00e8ce jusqu&rsquo;\u00e0 5 fois par heure. <\/p>\n<p>[\/et_pb_text][\/et_pb_column][et_pb_column type=\u00a0\u00bb1_3&Prime; _builder_version=\u00a0\u00bb4.14.5&Prime; _module_preset=\u00a0\u00bbdefault\u00a0\u00bb global_colors_info=\u00a0\u00bb{}\u00a0\u00bb][et_pb_text module_class=\u00a0\u00bbcat-about\u00a0\u00bb _builder_version=\u00a0\u00bb4.14.5&Prime; _module_preset=\u00a0\u00bbdefault\u00a0\u00bb global_colors_info=\u00a0\u00bb{}\u00a0\u00bb]<\/p>\n<h3>Combattez les allergies &#8211; utilisez la marque recommand\u00e9e par les allergologues num\u00e9ro 1.<sup>2<\/sup><\/h3>\n<p>Les m\u00e9decins recommandent souvent des purificateurs d&rsquo;air dans le cadre d&rsquo;un programme de traitement global pour les personnes souffrant d&rsquo;allergies ou d&rsquo;asthme.[\/et_pb_text][\/et_pb_column][\/et_pb_row][et_pb_row _builder_version=\u00a0\u00bb4.14.5&Prime; _module_preset=\u00a0\u00bbdefault\u00a0\u00bb global_colors_info=\u00a0\u00bb{}\u00a0\u00bb][et_pb_column type=\u00a0\u00bb4_4&Prime; _builder_version=\u00a0\u00bb4.14.5&Prime; _module_preset=\u00a0\u00bbdefault\u00a0\u00bb global_colors_info=\u00a0\u00bb{}\u00a0\u00bb][et_pb_text module_class=\u00a0\u00bbcat-about\u00a0\u00bb _builder_version=\u00a0\u00bb4.14.5&Prime; _module_preset=\u00a0\u00bbdefault\u00a0\u00bb global_colors_info=\u00a0\u00bb{}\u00a0\u00bb]<\/p>\n<h5><sup>1<\/sup> De l&rsquo;air qui passe \u00e0 travers les filtres, 0,3 microns et plus.<\/h5>\n<h5><sup>2 <\/sup>Selon les r\u00e9sultats de l&rsquo;enqu\u00eate Cascade de novembre 2014, 80 allergologues sur 84 (95 %) interrog\u00e9s qui recommandent une marque de purificateurs d&rsquo;air portables, recommandent des purificateurs d&rsquo;air \u00ab\u00a0Honeywell\u00a0\u00bb.<\/h5>\n<p>[\/et_pb_text][\/et_pb_column][\/et_pb_row][\/et_pb_section][et_pb_section fb_built=\u00a0\u00bb1&Prime; _builder_version=\u00a0\u00bb4.14.5&Prime; _module_preset=\u00a0\u00bbdefault\u00a0\u00bb background_color=\u00a0\u00bb#FFFFFF\u00a0\u00bb module_alignment=\u00a0\u00bbcenter\u00a0\u00bb custom_margin=\u00a0\u00bb0px||0px||false|false\u00a0\u00bb custom_padding=\u00a0\u00bb11px||0px||false|false\u00a0\u00bb global_colors_info=\u00a0\u00bb{}\u00a0\u00bb][et_pb_row _builder_version=\u00a0\u00bb4.14.5&Prime; _module_preset=\u00a0\u00bbdefault\u00a0\u00bb global_colors_info=\u00a0\u00bb{}\u00a0\u00bb][et_pb_column type=\u00a0\u00bb4_4&Prime; _builder_version=\u00a0\u00bb4.14.5&Prime; _module_preset=\u00a0\u00bbdefault\u00a0\u00bb global_colors_info=\u00a0\u00bb{}\u00a0\u00bb][et_pb_text _builder_version=\u00a0\u00bb4.14.5&Prime; _module_preset=\u00a0\u00bbdefault\u00a0\u00bb text_orientation=\u00a0\u00bbcenter\u00a0\u00bb max_width=\u00a0\u00bb600px\u00a0\u00bb module_alignment=\u00a0\u00bbcenter\u00a0\u00bb global_colors_info=\u00a0\u00bb{}\u00a0\u00bb]<\/p>\n<h4 class=\"text-center width-60 mbl-max\">Un purificateur d&rsquo;air fiable depuis plus de 25 ans.<\/h4>\n<p class=\"width-80\">Tous les purificateurs d&rsquo;air Honeywell sont test\u00e9s de mani\u00e8re ind\u00e9pendante et certifi\u00e9s AHAM Verifide<sup>\u00ae<\/sup><span> <\/span>pour r\u00e9pondre \u00e0 des normes de performance strictes de l&rsquo;industrie en mati\u00e8re de taux de livraison d&rsquo;air propre.<\/p>\n<p>[\/et_pb_text][\/et_pb_column][\/et_pb_row][\/et_pb_section][et_pb_section fb_built=\u00a0\u00bb1&Prime; _builder_version=\u00a0\u00bb4.14.5&Prime; _module_preset=\u00a0\u00bbdefault\u00a0\u00bb background_color=\u00a0\u00bb#f7f9fb\u00a0\u00bb background_image=\u00a0\u00bbhttps:\/\/honeywellpluggedin.ca\/wp-content\/uploads\/video_cat-purifiers.png\u00a0\u00bb module_alignment=\u00a0\u00bbcenter\u00a0\u00bb custom_margin=\u00a0\u00bb0px||0px||false|false\u00a0\u00bb custom_padding=\u00a0\u00bb10em||10em||true|false\u00a0\u00bb global_colors_info=\u00a0\u00bb{}\u00a0\u00bb][et_pb_row use_custom_gutter=\u00a0\u00bbon\u00a0\u00bb _builder_version=\u00a0\u00bb4.14.5&Prime; _module_preset=\u00a0\u00bbdefault\u00a0\u00bb background_color=\u00a0\u00bbrgba(0,0,0,0.4)\u00a0\u00bb max_width=\u00a0\u00bb600px\u00a0\u00bb module_alignment=\u00a0\u00bbcenter\u00a0\u00bb global_colors_info=\u00a0\u00bb{}\u00a0\u00bb][et_pb_column type=\u00a0\u00bb4_4&Prime; _builder_version=\u00a0\u00bb4.14.5&Prime; _module_preset=\u00a0\u00bbdefault\u00a0\u00bb global_colors_info=\u00a0\u00bb{}\u00a0\u00bb][et_pb_text module_class=\u00a0\u00bbabout-title-ap\u00a0\u00bb _builder_version=\u00a0\u00bb4.14.5&Prime; _module_preset=\u00a0\u00bbdefault\u00a0\u00bb header_3_text_align=\u00a0\u00bbcenter\u00a0\u00bb header_3_text_color=\u00a0\u00bb#FFFFFF\u00a0\u00bb module_alignment=\u00a0\u00bbcenter\u00a0\u00bb global_colors_info=\u00a0\u00bb{}\u00a0\u00bb]<\/p>\n<h3 class=\"hpi-header-2 width-80\">Comment fonctionnent nos purificateurs<\/h3>\n<p>[\/et_pb_text][\/et_pb_column][\/et_pb_row][\/et_pb_section][et_pb_section fb_built=\u00a0\u00bb1&Prime; _builder_version=\u00a0\u00bb4.14.5&Prime; _module_preset=\u00a0\u00bbdefault\u00a0\u00bb background_color=\u00a0\u00bb#fdfcfa\u00a0\u00bb global_colors_info=\u00a0\u00bb{}\u00a0\u00bb][et_pb_row column_structure=\u00a0\u00bb3_5,2_5&Prime; _builder_version=\u00a0\u00bb4.14.5&Prime; _module_preset=\u00a0\u00bbdefault\u00a0\u00bb global_colors_info=\u00a0\u00bb{}\u00a0\u00bb][et_pb_column type=\u00a0\u00bb3_5&Prime; _builder_version=\u00a0\u00bb4.14.5&Prime; _module_preset=\u00a0\u00bbdefault\u00a0\u00bb global_colors_info=\u00a0\u00bb{}\u00a0\u00bb][et_pb_image src=\u00a0\u00bbhttps:\/\/honeywellpluggedin.ca\/wp-content\/uploads\/article_cat-purifiers.png\u00a0\u00bb title_text=\u00a0\u00bbarticle_cat-purifiers\u00a0\u00bb force_fullwidth=\u00a0\u00bbon\u00a0\u00bb _builder_version=\u00a0\u00bb4.14.5&Prime; _module_preset=\u00a0\u00bbdefault\u00a0\u00bb global_colors_info=\u00a0\u00bb{}\u00a0\u00bb][\/et_pb_image][\/et_pb_column][et_pb_column type=\u00a0\u00bb2_5&Prime; _builder_version=\u00a0\u00bb4.14.5&Prime; _module_preset=\u00a0\u00bbdefault\u00a0\u00bb global_colors_info=\u00a0\u00bb{}\u00a0\u00bb][et_pb_text _builder_version=\u00a0\u00bb4.14.5&Prime; _module_preset=\u00a0\u00bbdefault\u00a0\u00bb hover_enabled=\u00a0\u00bb0&Prime; global_colors_info=\u00a0\u00bb{}\u00a0\u00bb sticky_enabled=\u00a0\u00bb0&Prime;]<\/p>\n<h4 class=\"font-size-28\">Articles connexes<\/h4>\n<p>&nbsp;<\/p>\n<ul class=\"split-list one no-left-right\">\n<li><a href=\"https:\/\/honeywellpluggedin.ca\/understanding-acronyms\/\" hreflang=\"en\">Comprendre les acronymes<\/a><\/li>\n<li><a href=\"https:\/\/honeywellpluggedin.ca\/managing-indoor-air-pollutants\/\" hreflang=\"en\">Gestion des polluants de l&rsquo;air int\u00e9rieur<\/a><\/li>\n<li><a href=\"https:\/\/honeywellpluggedin.ca\/how-do-technologies-differ\/\" hreflang=\"en\">Technologies de purification de l&rsquo;air<\/a><\/li>\n<li><a href=\"https:\/\/honeywellpluggedin.ca\/home-air-exposed\/\" hreflang=\"en\">Air int\u00e9rieur expos\u00e9<\/a><\/li>\n<li><a href=\"https:\/\/honeywellpluggedin.ca\/allergen-relief\/\" hreflang=\"en\">Soulagement des allerg\u00e8nes<\/a><\/li>\n<li><a href=\"https:\/\/honeywellpluggedin.ca\/improving-your-indoor-air-quality\/\" hreflang=\"en\">Am\u00e9liorer la qualit\u00e9 de l&rsquo;air int\u00e9rieur<\/a><\/li>\n<\/ul>\n<p>[\/et_pb_text][\/et_pb_column][\/et_pb_row][\/et_pb_section][et_pb_section fb_built=\u00a0\u00bb1&Prime; _builder_version=\u00a0\u00bb4.14.5&Prime; _module_preset=\u00a0\u00bbdefault\u00a0\u00bb background_color=\u00a0\u00bb#FFFFFF\u00a0\u00bb module_alignment=\u00a0\u00bbcenter\u00a0\u00bb custom_margin=\u00a0\u00bb0px||0px||false|false\u00a0\u00bb custom_padding=\u00a0\u00bb11px||0px||false|false\u00a0\u00bb global_colors_info=\u00a0\u00bb{}\u00a0\u00bb][et_pb_row _builder_version=\u00a0\u00bb4.14.5&Prime; _module_preset=\u00a0\u00bbdefault\u00a0\u00bb custom_padding=\u00a0\u00bb||52px|||\u00a0\u00bb global_colors_info=\u00a0\u00bb{}\u00a0\u00bb][et_pb_column type=\u00a0\u00bb4_4&Prime; _builder_version=\u00a0\u00bb4.14.5&Prime; _module_preset=\u00a0\u00bbdefault\u00a0\u00bb global_colors_info=\u00a0\u00bb{}\u00a0\u00bb][et_pb_text _builder_version=\u00a0\u00bb4.14.5&Prime; _module_preset=\u00a0\u00bbdefault\u00a0\u00bb text_orientation=\u00a0\u00bbcenter\u00a0\u00bb max_width=\u00a0\u00bb600px\u00a0\u00bb module_alignment=\u00a0\u00bbcenter\u00a0\u00bb global_colors_info=\u00a0\u00bb{}\u00a0\u00bb]<\/p>\n<h4 class=\"font-size-28\">Trouvez le bon purificateur d&rsquo;air pour vous<\/h4>\n<p><strong><a class=\"next\" href=\"https:\/\/honeywellpluggedin.ca\/fr\/purificateur-dair\/\">Acheter des purificateurs d&rsquo;air<\/a><\/strong><\/p>\n<p>[\/et_pb_text][et_pb_image src=\u00a0\u00bbhttps:\/\/honeywellpluggedin.ca\/wp-content\/uploads\/air-purifier-collection.png\u00a0\u00bb title_text=\u00a0\u00bbair-purifier-collection\u00a0\u00bb _builder_version=\u00a0\u00bb4.14.5&Prime; _module_preset=\u00a0\u00bbdefault\u00a0\u00bb max_width=\u00a0\u00bb500px\u00a0\u00bb module_alignment=\u00a0\u00bbcenter\u00a0\u00bb global_colors_info=\u00a0\u00bb{}\u00a0\u00bb][\/et_pb_image][\/et_pb_column][\/et_pb_row][\/et_pb_section]<\/p>\n","protected":false},"excerpt":{"rendered":"<p>Reviens chez toi dans un air plus purQue vous ayez des allergies, de l&rsquo;asthme ou que vous souhaitiez simplement un air plus frais et plus pur dans votre maison, nous avons un purificateur d&rsquo;air pour vous.Pourquoi purifier votre air ?Capture jusqu&rsquo;\u00e0 99,97 % des allerg\u00e8nes. 1 Les filtres HEPA certifi\u00e9s de nos purificateurs d&rsquo;air capturent [&hellip;]<\/p>\n","protected":false},"author":1,"featured_media":0,"parent":0,"menu_order":0,"comment_status":"closed","ping_status":"closed","template":"","meta":{"_et_pb_use_builder":"on","_et_pb_old_content":"","_et_gb_content_width":"","footnotes":""},"class_list":["post-11166","page","type-page","status-publish","hentry"],"acf":[],"yoast_head":"<!-- This site is optimized with the Yoast SEO plugin v26.9 - https:\/\/yoast.com\/product\/yoast-seo-wordpress\/ -->\n<title>\u00c0 propos des purificateurs d\u2019air - Honeywell Plugged In CA<\/title>\n<meta name=\"robots\" content=\"noindex, follow, max-snippet:-1, max-image-preview:large, max-video-preview:-1\" \/>\n<meta property=\"og:locale\" content=\"fr_FR\" \/>\n<meta property=\"og:type\" content=\"article\" \/>\n<meta property=\"og:title\" content=\"\u00c0 propos des purificateurs d\u2019air - Honeywell Plugged In CA\" \/>\n<meta property=\"og:description\" content=\"Reviens chez toi dans un air plus purQue vous ayez des allergies, de l&#039;asthme ou que vous souhaitiez simplement un air plus frais et plus pur dans votre maison, nous avons un purificateur d&#039;air pour vous.Pourquoi purifier votre air ?Capture jusqu&#039;\u00e0 99,97 % des allerg\u00e8nes. 1 Les filtres HEPA certifi\u00e9s de nos purificateurs d&#039;air capturent [&hellip;]\" \/>\n<meta property=\"og:url\" content=\"https:\/\/honeywellpluggedin.ca\/fr\/a-propos-des-purificateurs-dair\/\" \/>\n<meta property=\"og:site_name\" content=\"Honeywell Plugged In CA\" \/>\n<meta property=\"article:modified_time\" content=\"2025-07-04T21:09:11+00:00\" \/>\n<meta name=\"twitter:card\" content=\"summary_large_image\" \/>\n<meta name=\"twitter:label1\" content=\"Est. reading time\" \/>\n\t<meta name=\"twitter:data1\" content=\"6 minutes\" \/>\n<script type=\"application\/ld+json\" class=\"yoast-schema-graph\">{\"@context\":\"https:\/\/schema.org\",\"@graph\":[{\"@type\":\"WebPage\",\"@id\":\"https:\/\/honeywellpluggedin.ca\/fr\/a-propos-des-purificateurs-dair\/\",\"url\":\"https:\/\/honeywellpluggedin.ca\/fr\/a-propos-des-purificateurs-dair\/\",\"name\":\"\u00c0 propos des purificateurs d\u2019air - Honeywell Plugged In CA\",\"isPartOf\":{\"@id\":\"https:\/\/honeywellpluggedin.ca\/#website\"},\"datePublished\":\"2022-08-22T15:13:48+00:00\",\"dateModified\":\"2025-07-04T21:09:11+00:00\",\"breadcrumb\":{\"@id\":\"https:\/\/honeywellpluggedin.ca\/fr\/a-propos-des-purificateurs-dair\/#breadcrumb\"},\"inLanguage\":\"fr-FR\",\"potentialAction\":[{\"@type\":\"ReadAction\",\"target\":[\"https:\/\/honeywellpluggedin.ca\/fr\/a-propos-des-purificateurs-dair\/\"]}]},{\"@type\":\"BreadcrumbList\",\"@id\":\"https:\/\/honeywellpluggedin.ca\/fr\/a-propos-des-purificateurs-dair\/#breadcrumb\",\"itemListElement\":[{\"@type\":\"ListItem\",\"position\":1,\"name\":\"Home\",\"item\":\"https:\/\/honeywellpluggedin.ca\/fr\/\"},{\"@type\":\"ListItem\",\"position\":2,\"name\":\"\u00c0 propos des purificateurs d\u2019air\"}]},{\"@type\":\"WebSite\",\"@id\":\"https:\/\/honeywellpluggedin.ca\/#website\",\"url\":\"https:\/\/honeywellpluggedin.ca\/\",\"name\":\"Honeywell Plugged In CA\",\"description\":\"Live More Comfortably\",\"potentialAction\":[{\"@type\":\"SearchAction\",\"target\":{\"@type\":\"EntryPoint\",\"urlTemplate\":\"https:\/\/honeywellpluggedin.ca\/?s={search_term_string}\"},\"query-input\":{\"@type\":\"PropertyValueSpecification\",\"valueRequired\":true,\"valueName\":\"search_term_string\"}}],\"inLanguage\":\"fr-FR\"}]}<\/script>\n<!-- \/ Yoast SEO plugin. -->","yoast_head_json":{"title":"\u00c0 propos des purificateurs d\u2019air - Honeywell Plugged In CA","robots":{"index":"noindex","follow":"follow","max-snippet":"max-snippet:-1","max-image-preview":"max-image-preview:large","max-video-preview":"max-video-preview:-1"},"og_locale":"fr_FR","og_type":"article","og_title":"\u00c0 propos des purificateurs d\u2019air - Honeywell Plugged In CA","og_description":"Reviens chez toi dans un air plus purQue vous ayez des allergies, de l'asthme ou que vous souhaitiez simplement un air plus frais et plus pur dans votre maison, nous avons un purificateur d'air pour vous.Pourquoi purifier votre air ?Capture jusqu'\u00e0 99,97 % des allerg\u00e8nes. 1 Les filtres HEPA certifi\u00e9s de nos purificateurs d'air capturent [&hellip;]","og_url":"https:\/\/honeywellpluggedin.ca\/fr\/a-propos-des-purificateurs-dair\/","og_site_name":"Honeywell Plugged In CA","article_modified_time":"2025-07-04T21:09:11+00:00","twitter_card":"summary_large_image","twitter_misc":{"Est. reading time":"6 minutes"},"schema":{"@context":"https:\/\/schema.org","@graph":[{"@type":"WebPage","@id":"https:\/\/honeywellpluggedin.ca\/fr\/a-propos-des-purificateurs-dair\/","url":"https:\/\/honeywellpluggedin.ca\/fr\/a-propos-des-purificateurs-dair\/","name":"\u00c0 propos des purificateurs d\u2019air - Honeywell Plugged In CA","isPartOf":{"@id":"https:\/\/honeywellpluggedin.ca\/#website"},"datePublished":"2022-08-22T15:13:48+00:00","dateModified":"2025-07-04T21:09:11+00:00","breadcrumb":{"@id":"https:\/\/honeywellpluggedin.ca\/fr\/a-propos-des-purificateurs-dair\/#breadcrumb"},"inLanguage":"fr-FR","potentialAction":[{"@type":"ReadAction","target":["https:\/\/honeywellpluggedin.ca\/fr\/a-propos-des-purificateurs-dair\/"]}]},{"@type":"BreadcrumbList","@id":"https:\/\/honeywellpluggedin.ca\/fr\/a-propos-des-purificateurs-dair\/#breadcrumb","itemListElement":[{"@type":"ListItem","position":1,"name":"Home","item":"https:\/\/honeywellpluggedin.ca\/fr\/"},{"@type":"ListItem","position":2,"name":"\u00c0 propos des purificateurs d\u2019air"}]},{"@type":"WebSite","@id":"https:\/\/honeywellpluggedin.ca\/#website","url":"https:\/\/honeywellpluggedin.ca\/","name":"Honeywell Plugged In CA","description":"Live More Comfortably","potentialAction":[{"@type":"SearchAction","target":{"@type":"EntryPoint","urlTemplate":"https:\/\/honeywellpluggedin.ca\/?s={search_term_string}"},"query-input":{"@type":"PropertyValueSpecification","valueRequired":true,"valueName":"search_term_string"}}],"inLanguage":"fr-FR"}]}},"_links":{"self":[{"href":"https:\/\/honeywellpluggedin.ca\/fr\/wp-json\/wp\/v2\/pages\/11166","targetHints":{"allow":["GET"]}}],"collection":[{"href":"https:\/\/honeywellpluggedin.ca\/fr\/wp-json\/wp\/v2\/pages"}],"about":[{"href":"https:\/\/honeywellpluggedin.ca\/fr\/wp-json\/wp\/v2\/types\/page"}],"author":[{"embeddable":true,"href":"https:\/\/honeywellpluggedin.ca\/fr\/wp-json\/wp\/v2\/users\/1"}],"replies":[{"embeddable":true,"href":"https:\/\/honeywellpluggedin.ca\/fr\/wp-json\/wp\/v2\/comments?post=11166"}],"version-history":[{"count":2,"href":"https:\/\/honeywellpluggedin.ca\/fr\/wp-json\/wp\/v2\/pages\/11166\/revisions"}],"predecessor-version":[{"id":11168,"href":"https:\/\/honeywellpluggedin.ca\/fr\/wp-json\/wp\/v2\/pages\/11166\/revisions\/11168"}],"wp:attachment":[{"href":"https:\/\/honeywellpluggedin.ca\/fr\/wp-json\/wp\/v2\/media?parent=11166"}],"curies":[{"name":"wp","href":"https:\/\/api.w.org\/{rel}","templated":true}]}}