{"id":11463,"date":"2022-05-05T20:30:44","date_gmt":"2022-05-05T20:30:44","guid":{"rendered":"https:\/\/honeywellpluggedin.ca\/privacy-policy\/"},"modified":"2025-07-15T13:42:51","modified_gmt":"2025-07-15T13:42:51","slug":"privacy-policy","status":"publish","type":"page","link":"https:\/\/honeywellpluggedin.ca\/fr\/privacy-policy\/","title":{"rendered":"Privacy Policy"},"content":{"rendered":"<p>[et_pb_section fb_built=\u00a0\u00bb1&Prime; _builder_version=\u00a0\u00bb4.16&Prime; _module_preset=\u00a0\u00bbdefault\u00a0\u00bb background_color=\u00a0\u00bb#FFFFFF\u00a0\u00bb custom_padding=\u00a0\u00bb||23px|||\u00a0\u00bb global_colors_info=\u00a0\u00bb{}\u00a0\u00bb][et_pb_row _builder_version=\u00a0\u00bb4.16&Prime; _module_preset=\u00a0\u00bbdefault\u00a0\u00bb background_color=\u00a0\u00bb#FFFFFF\u00a0\u00bb custom_padding=\u00a0\u00bb15px|15px|15px|15px|true|true\u00a0\u00bb global_colors_info=\u00a0\u00bb{}\u00a0\u00bb][et_pb_column type=\u00a0\u00bb4_4&Prime; _builder_version=\u00a0\u00bb4.16&Prime; _module_preset=\u00a0\u00bbdefault\u00a0\u00bb global_colors_info=\u00a0\u00bb{}\u00a0\u00bb][et_pb_text module_class=\u00a0\u00bbprivacy-policy-page\u00a0\u00bb _builder_version=\u00a0\u00bb4.27.4&Prime; _module_preset=\u00a0\u00bbdefault\u00a0\u00bb header_2_line_height=\u00a0\u00bb1.4em\u00a0\u00bb custom_margin=\u00a0\u00bb||||false|false\u00a0\u00bb global_colors_info=\u00a0\u00bb{}\u00a0\u00bb]<\/p>\n<h1>Honeywell | Protection de la vie priv\u00e9e et politique en mati\u00e8re de t\u00e9moins (cookies)<\/h1>\n<p>&nbsp;<\/p>\n<h2>Introduction<\/h2>\n<p>Nous appr\u00e9cions la confiance que vous t\u00e9moignez \u00e0 Helen of Troy, Inc. et \u00e0 ses filiales (ci-apr\u00e8s d\u00e9sign\u00e9es sous le nom de \u00ab Helen of Troy \u00bb, et par les termes \u00ab nous \u00bb ou \u00ab notre \u00bb). Nous voulons nous assurer que vous connaissez les informations que nous recueillons \u00e0 votre sujet, ce que nous en faisons ainsi que les mesures de s\u00e9curit\u00e9 que nous prenons pour les prot\u00e9ger. Si vous avez d\u2019autres questions ou souhaitez obtenir des informations suppl\u00e9mentaires \u00e0 ce sujet, n\u2019h\u00e9sitez pas \u00e0 communiquer avec nous en composant le1-800-327-7226 ou envoyez un courriel \u00e0 <a href=\"mailto:ConsumerRelations@kaz.com\">ConsumerRelations@kaz.com<\/a>  <\/p>\n<p>&nbsp;<\/p>\n<h2>\u00c2ge minimal<\/h2>\n<p>Notre site Web n\u2019est pas destin\u00e9 aux enfants de moins de 18 ou 19 ans, selon votre juridiction. Aucune personne en dessous de cet \u00e2ge n\u2019est autoris\u00e9e \u00e0 fournir des informations \u00e0 ou sur le site Web. Nous ne recueillons pas sciemment de renseignements personnels aupr\u00e8s d\u2019enfants en dessous de cet \u00e2ge. Si vous \u00eates en dessous de cet \u00e2ge, n\u2019utilisez pas ce site Web et ne fournissez aucune information sur celui-ci ni par l\u2019interm\u00e9diaire de ses fonctionnalit\u00e9s, ni utiliser les fonctions interactives ou publiques de commentaires du site, ni communiquer de renseignements vous concernant, notamment votre nom, votre adresse, votre num\u00e9ro de t\u00e9l\u00e9phone, votre adresse courriel ou tout nom affich\u00e9 ou nom d\u2019utilisateur que vous pourriez utiliser. Si nous apprenons que nous avons recueilli ou re\u00e7u des renseignements personnels d\u2019un enfant en dessous de l\u2019\u00e2ge appropri\u00e9 sans v\u00e9rification du consentement parental, nous supprimerons ces renseignements. Si vous pensez que nous pourrions avoir re\u00e7u des renseignements personnels d\u2019un enfant de moins de 18 ou 19 ans ou d\u00e9tenir de tels renseignements, nous vous invitons \u00e0 communiquer avec nous au num\u00e9ro indiqu\u00e9 ci-haut.     <\/p>\n<p>&nbsp;<\/p>\n<h2>Confidentialit\u00e9<\/h2>\n<p>Helen of Troy s\u2019engage \u00e0 appliquer des pratiques et des proc\u00e9dures con\u00e7ues pour assurer la s\u00e9curit\u00e9, l\u2019int\u00e9grit\u00e9 et la confidentialit\u00e9 des renseignements sur les clients. L\u2019acc\u00e8s aux renseignements sur les clients est limit\u00e9 et r\u00e9serv\u00e9 \u00e0 nos employ\u00e9s ou aux fournisseurs de services autoris\u00e9s qui ont besoin de cette information pour accomplir leurs fonctions. Nos employ\u00e9s sont sensibilis\u00e9s \u00e0 l\u2019importance de prot\u00e9ger les renseignements sur les clients et de pr\u00e9venir tout acc\u00e8s, divulgation ou utilisation non autoris\u00e9s relativement \u00e0 ces renseignements. Lorsque des donn\u00e9es de carte de cr\u00e9dit nous sont transmises en ligne, Helen of Troy applique les mesures de s\u00e9curit\u00e9 sectorielles normalis\u00e9es, soit le protocole de chiffrement s\u00e9curis\u00e9 SSL (Secure Socket Layer). Bien que, \u00e0 l\u2019heure actuelle, Helen of Troy ne recueille pas de renseignements personnels permettant de suivre les activit\u00e9s en ligne du consommateur au fil du temps et \u00e0 travers les sites Web ou les services en ligne de tiers, Helen of Troy ne r\u00e9pond pas aux signaux \u00ab ne pas suivre \u00bb du navigateur Web ni \u00e0 d\u2019autres m\u00e9canismes de s\u00e9lection d\u2019options de collecte de renseignements personnels permettant de suivre les activit\u00e9s en ligne du consommateur au fil du temps et \u00e0 travers les sites Web ou les services en ligne de tiers.   <\/p>\n<p>&nbsp;<\/p>\n<h2>T\u00e9moins<\/h2>\n<p>Helen of Troy recueille des renseignements sur les clients dans le but d\u2019am\u00e9liorer la qualit\u00e9 du service, de transmettre des offres de produits et services qui, selon nous, pourraient vous int\u00e9resser, et d\u2019assurer la gestion de nos activit\u00e9s. Afin de mieux vous servir, nous pouvons recueillir certaines informations vous concernant dans quelques situations <\/p>\n<p>En premier lieu, lorsque vous vous rendez sur notre site, il est possible que nous recueillions des renseignements non personnellement identifiables. Par l\u2019interm\u00e9diaire de t\u00e9moins de connexion ou \u00ab cookies \u00bb (petits fichiers install\u00e9s par le navigateur sur votre disque dur), nous recueillons des donn\u00e9es, le type de navigateur utilis\u00e9, le nom de domaine et les pages de Helen of Troy que vous avez consult\u00e9es. Les t\u00e9moins que nous utilisons ne contiennent aucune information permettant de vous identifier telle que votre nom ni aucune donn\u00e9e sensible comme votre num\u00e9ro de carte de cr\u00e9dit. Ces donn\u00e9es, qui sont recueillies automatiquement et regroup\u00e9es, servent \u00e0 d\u00e9gager des tendances qui nous aideront \u00e0 am\u00e9liorer notre site et votre exp\u00e9rience de navigation. De plus, ils nous permettent de vous reconna\u00eetre lorsque vous revenez sur notre site afin de vous offrir une exp\u00e9rience plus personnalis\u00e9e et plus enrichissante. La plupart des navigateurs Web vous donnent la possibilit\u00e9 d\u2019exercer un contr\u00f4le sur les t\u00e9moins install\u00e9s sur votre ordinateur : vous pouvez les effacer, les bloquer ou demander d\u2019\u00eatre avis\u00e9 lorsqu\u2019un tel fichier est enregistr\u00e9. Pour plus d\u2019information, nous vous invitons \u00e0 consulter les instructions propres \u00e0 votre navigateur concernant cette fonction. Cependant, si vous choisissez de d\u00e9sactiver les t\u00e9moins de Helen of Troy, il se peut que vous ne profitiez pas au maximum de l\u2019exp\u00e9rience personnalis\u00e9e offerte par Helen of Troy.       <\/p>\n<p>En deuxi\u00e8me lieu, nous pourrions vous demander de nous fournir volontairement des informations \u00e0 l\u2019occasion. Lorsque vous achetez des articles, nous vous demanderons de nous fournir volontairement certains renseignements permettant de vous identifier, comme votre nom, votre adresse, votre num\u00e9ro de t\u00e9l\u00e9phone, votre adresse courriel et votre num\u00e9ro de carte de cr\u00e9dit. Ces informations nous sont n\u00e9cessaires pour traiter votre commande et vous tenir au courant de l\u2019\u00e9tat de celle-ci. Nous pourrions \u00e9galement vous demander des renseignements personnels dans d\u2019autres circonstances, par exemple vos nom et adresse courriel si vous adh\u00e9rez \u00e0 notre programme de courriels; vos centres d\u2019int\u00e9r\u00eat, produits pr\u00e9f\u00e9r\u00e9s et articles d\u00e9j\u00e0 achet\u00e9s si vous choisissez de nous fournir des informations sur vos pr\u00e9f\u00e9rences; ou encore vos nom, adresse et num\u00e9ro de t\u00e9l\u00e9phone si vous participez \u00e0 un concours ou r\u00e9pondez \u00e0 une offre promotionnelle. De plus, en vue de vous offrir des biens et des services con\u00e7us pour r\u00e9pondre \u00e0 vos besoins, nous pourrions recueillir des donn\u00e9es d\u00e9mographiques (telles que le nombre, l\u2019\u00e2ge et le sexe des personnes composant votre m\u00e9nage), et de l\u2019information sur vos pr\u00e9f\u00e9rences en mati\u00e8re d\u2019achat ou provenant de listes d\u2019envoi de tiers. Ces informations nous aident \u00e0 personnaliser votre exp\u00e9rience sur notre site et \u00e0 vous offrir les produits et services les plus pertinents.     <\/p>\n<p>&nbsp;<\/p>\n<h2>Google Analytics<\/h2>\n<p>Helen of Troy a recours aux outils Google Analytics et AdWords pour assembler les renseignements recueillis au moyen des t\u00e9moins et nous aider \u00e0 mieux comprendre la fa\u00e7on dont les visiteurs utilisent notre site. Google Analytics utilise \u00e9galement ces informations pour diffuser des publicit\u00e9s pour nos produits sur d\u2019autres sites que vous consultez apr\u00e8s avoir visit\u00e9 notre site. Ces publicit\u00e9s pourraient \u00eatre li\u00e9es aux pages consult\u00e9es pendant votre visite sur notre site. \u00c0 l\u2019occasion, les informations recueillies sont partag\u00e9es avec d\u2019autres organisations, des annonceurs ou nos partenaires par exemple. Combin\u00e9es \u00e0 des renseignements compl\u00e9mentaires concernant votre utilisation d\u2019autres sites, elles permettent, entre autres, de cerner les int\u00e9r\u00eats communs et les comportements de groupes d\u2019utilisateurs qui se connectent \u00e0 notre site et \u00e0 d\u2019autres sites Web. Pour en savoir davantage, consultez la page \u00ab Comment utilisons-nous les informations collect\u00e9es via les sites ou applications qui font appel \u00e0 nos services? \u00bb de Google. Les utilisateurs peuvent refuser l\u2019utilisation de t\u00e9moins par Google en installant le module compl\u00e9mentaire de navigateur pour la d\u00e9sactivation de Google Analytics. Ils peuvent \u00e9galement refuser l\u2019utilisation de t\u00e9moins de fournisseurs tiers en se rendant sur la page de d\u00e9sactivation des programmes publicitaires du r\u00e9seau.      <\/p>\n<p>&nbsp;<\/p>\n<h2>Ce que nous faisons avec les renseignements recueillis<\/h2>\n<p>Helen of Troy ne loue pas et ne vend pas de renseignements sur ses clients \u00e0 des agences de marketing externes. \u00c0 l\u2019occasion, Helen of Troy peut communiquer vos renseignements personnels \u00e0 ses filiales\/soci\u00e9t\u00e9s affili\u00e9es ou \u00e0 des fournisseurs de confiance qui ont besoin de cette information pour fournir des services op\u00e9rationnels ou de soutien. Pour assurer la confidentialit\u00e9 et la s\u00e9curit\u00e9 de vos renseignements, les fournisseurs doivent s\u2019engager \u00e0 prot\u00e9ger vos donn\u00e9es personnelles dans le respect le plus strict de notre politique. Il se peut \u00e9galement que nous ayons \u00e0 fournir des informations aux autorit\u00e9s r\u00e9glementaires et aux responsables de l\u2019application de la loi pour nous conformer aux lois applicables ou lorsque nous croyons en toute bonne foi que la loi l\u2019exige. En cas de vente d\u2019une partie ou de la totalit\u00e9 d\u2019une de nos entreprises, nous pourrions communiquer des renseignements sur les clients de l\u2019entreprise en question dans le cadre de la transaction.<\/p>\n<p>Helen of Troy pourrait divulguer des renseignements globaux sur ses utilisateurs et des renseignements ne permettant pas d\u2019identifier les personnes, et ce, sans restriction.<\/p>\n<p>&nbsp;<\/p>\n<h2>Messages promotionnels<\/h2>\n<p>Helen of Troy pourrait vous envoyer des messages promotionnels par courriel. Si vous ne souhaitez plus recevoir de courriels portant sur des \u00e9v\u00e9nements sp\u00e9ciaux ou des annonces de solde ou d\u2019autres messages de Helen of Troy, veuillez communiquer avec nous au 1-800-477-0457 ou envoyez un courriel \u00e0 ConsumerRelations@kaz.com, ou d\u00e9sabonnez-vous <a href=\"https:\/\/submit-irm.trustarc.com\/services\/validation\/5937da32-ce56-412b-a5a0-97a3cce90b58\">ici<\/a> et nous retirerons votre adresse courriel de notre liste d\u2019envoi. <\/p>\n<p>Demande d\u2019acc\u00e8s aux renseignements recueillis<br \/>Vous pouvez acc\u00e9der aux renseignements recueillis par Helen of Troy par l\u2019entremise de notre site Web en communiquant avec nous au 1-800-477-0457 ou envoyez un courriel \u00e0 ConsumerRelations@kaz.com. Pour toute demande concernant vos donn\u00e9es personnelles ou pour vous d\u00e9sinscrire, cliquez <a href=\"https:\/\/submit-irm.trustarc.com\/services\/validation\/5937da32-ce56-412b-a5a0-97a3cce90b58\">ici <\/a> <\/p>\n<p>L\u2019int\u00e9gralit\u00e9 de la conception du site Web, des graphiques, du style de pr\u00e9sentation du texte et du logiciel est prot\u00e9g\u00e9e par les droits d\u2019auteur. \u00a9 2021, Helen of Troy. Tous droits r\u00e9serv\u00e9s.<\/p>\n<p>[\/et_pb_text][\/et_pb_column][\/et_pb_row][\/et_pb_section]<\/p>\n","protected":false},"excerpt":{"rendered":"<p>Honeywell | Protection de la vie priv\u00e9e et politique en mati\u00e8re de t\u00e9moins (cookies) &nbsp; Introduction Nous appr\u00e9cions la confiance que vous t\u00e9moignez \u00e0 Helen of Troy, Inc. et \u00e0 ses filiales (ci-apr\u00e8s d\u00e9sign\u00e9es sous le nom de \u00ab Helen of Troy \u00bb, et par les termes \u00ab nous \u00bb ou \u00ab notre \u00bb). Nous [&hellip;]<\/p>\n","protected":false},"author":1,"featured_media":0,"parent":0,"menu_order":0,"comment_status":"closed","ping_status":"closed","template":"","meta":{"_et_pb_use_builder":"on","_et_pb_old_content":"","_et_gb_content_width":"","footnotes":""},"class_list":["post-11463","page","type-page","status-publish","hentry"],"acf":[],"yoast_head":"<!-- This site is optimized with the Yoast SEO plugin v26.9 - https:\/\/yoast.com\/product\/yoast-seo-wordpress\/ -->\n<title>Privacy Policy - Honeywell Plugged In CA<\/title>\n<meta name=\"robots\" content=\"noindex, follow, max-snippet:-1, max-image-preview:large, max-video-preview:-1\" \/>\n<meta property=\"og:locale\" content=\"fr_FR\" \/>\n<meta property=\"og:type\" content=\"article\" \/>\n<meta property=\"og:title\" content=\"Privacy Policy - Honeywell Plugged In CA\" \/>\n<meta property=\"og:description\" content=\"Honeywell | Protection de la vie priv\u00e9e et politique en mati\u00e8re de t\u00e9moins (cookies) &nbsp; Introduction Nous appr\u00e9cions la confiance que vous t\u00e9moignez \u00e0 Helen of Troy, Inc. et \u00e0 ses filiales (ci-apr\u00e8s d\u00e9sign\u00e9es sous le nom de \u00ab Helen of Troy \u00bb, et par les termes \u00ab nous \u00bb ou \u00ab notre \u00bb). Nous [&hellip;]\" \/>\n<meta property=\"og:url\" content=\"https:\/\/honeywellpluggedin.ca\/fr\/privacy-policy\/\" \/>\n<meta property=\"og:site_name\" content=\"Honeywell Plugged In CA\" \/>\n<meta property=\"article:modified_time\" content=\"2025-07-15T13:42:51+00:00\" \/>\n<meta name=\"twitter:card\" content=\"summary_large_image\" \/>\n<meta name=\"twitter:label1\" content=\"Est. reading time\" \/>\n\t<meta name=\"twitter:data1\" content=\"9 minutes\" \/>\n<script type=\"application\/ld+json\" class=\"yoast-schema-graph\">{\"@context\":\"https:\/\/schema.org\",\"@graph\":[{\"@type\":\"WebPage\",\"@id\":\"https:\/\/honeywellpluggedin.ca\/fr\/privacy-policy\/\",\"url\":\"https:\/\/honeywellpluggedin.ca\/fr\/privacy-policy\/\",\"name\":\"Privacy Policy - Honeywell Plugged In CA\",\"isPartOf\":{\"@id\":\"https:\/\/honeywellpluggedin.ca\/#website\"},\"datePublished\":\"2022-05-05T20:30:44+00:00\",\"dateModified\":\"2025-07-15T13:42:51+00:00\",\"breadcrumb\":{\"@id\":\"https:\/\/honeywellpluggedin.ca\/fr\/privacy-policy\/#breadcrumb\"},\"inLanguage\":\"fr-FR\",\"potentialAction\":[{\"@type\":\"ReadAction\",\"target\":[\"https:\/\/honeywellpluggedin.ca\/fr\/privacy-policy\/\"]}]},{\"@type\":\"BreadcrumbList\",\"@id\":\"https:\/\/honeywellpluggedin.ca\/fr\/privacy-policy\/#breadcrumb\",\"itemListElement\":[{\"@type\":\"ListItem\",\"position\":1,\"name\":\"Home\",\"item\":\"https:\/\/honeywellpluggedin.ca\/fr\/\"},{\"@type\":\"ListItem\",\"position\":2,\"name\":\"Privacy Policy\"}]},{\"@type\":\"WebSite\",\"@id\":\"https:\/\/honeywellpluggedin.ca\/#website\",\"url\":\"https:\/\/honeywellpluggedin.ca\/\",\"name\":\"Honeywell Plugged In CA\",\"description\":\"Live More Comfortably\",\"potentialAction\":[{\"@type\":\"SearchAction\",\"target\":{\"@type\":\"EntryPoint\",\"urlTemplate\":\"https:\/\/honeywellpluggedin.ca\/?s={search_term_string}\"},\"query-input\":{\"@type\":\"PropertyValueSpecification\",\"valueRequired\":true,\"valueName\":\"search_term_string\"}}],\"inLanguage\":\"fr-FR\"}]}<\/script>\n<!-- \/ Yoast SEO plugin. -->","yoast_head_json":{"title":"Privacy Policy - Honeywell Plugged In CA","robots":{"index":"noindex","follow":"follow","max-snippet":"max-snippet:-1","max-image-preview":"max-image-preview:large","max-video-preview":"max-video-preview:-1"},"og_locale":"fr_FR","og_type":"article","og_title":"Privacy Policy - Honeywell Plugged In CA","og_description":"Honeywell | Protection de la vie priv\u00e9e et politique en mati\u00e8re de t\u00e9moins (cookies) &nbsp; Introduction Nous appr\u00e9cions la confiance que vous t\u00e9moignez \u00e0 Helen of Troy, Inc. et \u00e0 ses filiales (ci-apr\u00e8s d\u00e9sign\u00e9es sous le nom de \u00ab Helen of Troy \u00bb, et par les termes \u00ab nous \u00bb ou \u00ab notre \u00bb). Nous [&hellip;]","og_url":"https:\/\/honeywellpluggedin.ca\/fr\/privacy-policy\/","og_site_name":"Honeywell Plugged In CA","article_modified_time":"2025-07-15T13:42:51+00:00","twitter_card":"summary_large_image","twitter_misc":{"Est. reading time":"9 minutes"},"schema":{"@context":"https:\/\/schema.org","@graph":[{"@type":"WebPage","@id":"https:\/\/honeywellpluggedin.ca\/fr\/privacy-policy\/","url":"https:\/\/honeywellpluggedin.ca\/fr\/privacy-policy\/","name":"Privacy Policy - Honeywell Plugged In CA","isPartOf":{"@id":"https:\/\/honeywellpluggedin.ca\/#website"},"datePublished":"2022-05-05T20:30:44+00:00","dateModified":"2025-07-15T13:42:51+00:00","breadcrumb":{"@id":"https:\/\/honeywellpluggedin.ca\/fr\/privacy-policy\/#breadcrumb"},"inLanguage":"fr-FR","potentialAction":[{"@type":"ReadAction","target":["https:\/\/honeywellpluggedin.ca\/fr\/privacy-policy\/"]}]},{"@type":"BreadcrumbList","@id":"https:\/\/honeywellpluggedin.ca\/fr\/privacy-policy\/#breadcrumb","itemListElement":[{"@type":"ListItem","position":1,"name":"Home","item":"https:\/\/honeywellpluggedin.ca\/fr\/"},{"@type":"ListItem","position":2,"name":"Privacy Policy"}]},{"@type":"WebSite","@id":"https:\/\/honeywellpluggedin.ca\/#website","url":"https:\/\/honeywellpluggedin.ca\/","name":"Honeywell Plugged In CA","description":"Live More Comfortably","potentialAction":[{"@type":"SearchAction","target":{"@type":"EntryPoint","urlTemplate":"https:\/\/honeywellpluggedin.ca\/?s={search_term_string}"},"query-input":{"@type":"PropertyValueSpecification","valueRequired":true,"valueName":"search_term_string"}}],"inLanguage":"fr-FR"}]}},"_links":{"self":[{"href":"https:\/\/honeywellpluggedin.ca\/fr\/wp-json\/wp\/v2\/pages\/11463","targetHints":{"allow":["GET"]}}],"collection":[{"href":"https:\/\/honeywellpluggedin.ca\/fr\/wp-json\/wp\/v2\/pages"}],"about":[{"href":"https:\/\/honeywellpluggedin.ca\/fr\/wp-json\/wp\/v2\/types\/page"}],"author":[{"embeddable":true,"href":"https:\/\/honeywellpluggedin.ca\/fr\/wp-json\/wp\/v2\/users\/1"}],"replies":[{"embeddable":true,"href":"https:\/\/honeywellpluggedin.ca\/fr\/wp-json\/wp\/v2\/comments?post=11463"}],"version-history":[{"count":4,"href":"https:\/\/honeywellpluggedin.ca\/fr\/wp-json\/wp\/v2\/pages\/11463\/revisions"}],"predecessor-version":[{"id":11467,"href":"https:\/\/honeywellpluggedin.ca\/fr\/wp-json\/wp\/v2\/pages\/11463\/revisions\/11467"}],"wp:attachment":[{"href":"https:\/\/honeywellpluggedin.ca\/fr\/wp-json\/wp\/v2\/media?parent=11463"}],"curies":[{"name":"wp","href":"https:\/\/api.w.org\/{rel}","templated":true}]}}