{"id":11470,"date":"2022-09-08T11:36:58","date_gmt":"2022-09-08T11:36:58","guid":{"rendered":"https:\/\/honeywellpluggedin.ca\/soutien\/"},"modified":"2025-07-28T13:43:33","modified_gmt":"2025-07-28T13:43:33","slug":"soutien","status":"publish","type":"page","link":"https:\/\/honeywellpluggedin.ca\/fr\/soutien\/","title":{"rendered":"Soutien"},"content":{"rendered":"<p>[et_pb_section fb_built=\u00a0\u00bb1&Prime; _builder_version=\u00a0\u00bb4.14.5&Prime; _module_preset=\u00a0\u00bbdefault\u00a0\u00bb background_color=\u00a0\u00bb#FFFFFF\u00a0\u00bb global_colors_info=\u00a0\u00bb{}\u00a0\u00bb][et_pb_row _builder_version=\u00a0\u00bb4.14.5&Prime; _module_preset=\u00a0\u00bbdefault\u00a0\u00bb max_width=\u00a0\u00bb1100px\u00a0\u00bb module_alignment=\u00a0\u00bbcenter\u00a0\u00bb global_colors_info=\u00a0\u00bb{}\u00a0\u00bb][et_pb_column type=\u00a0\u00bb4_4&Prime; _builder_version=\u00a0\u00bb4.14.5&Prime; _module_preset=\u00a0\u00bbdefault\u00a0\u00bb global_colors_info=\u00a0\u00bb{}\u00a0\u00bb][et_pb_text _builder_version=\u00a0\u00bb4.14.5&Prime; _module_preset=\u00a0\u00bbdefault\u00a0\u00bb global_colors_info=\u00a0\u00bb{}\u00a0\u00bb]<\/p>\n<h2 style=\"text-align: center;\">Besoin d\u2019aide ?<\/h2>\n<p>[\/et_pb_text][et_pb_search placeholder=\u00a0\u00bbRecherche\u2026\u00a0\u00bb button_color=\u00a0\u00bb#0C71C3&Prime; _builder_version=\u00a0\u00bb4.14.5&Prime; _module_preset=\u00a0\u00bbdefault\u00a0\u00bb button_text_color=\u00a0\u00bb#FFFFFF\u00a0\u00bb global_colors_info=\u00a0\u00bb{}\u00a0\u00bb][\/et_pb_search][\/et_pb_column][\/et_pb_row][et_pb_row column_structure=\u00a0\u00bb1_3,1_3,1_3&Prime; use_custom_gutter=\u00a0\u00bbon\u00a0\u00bb gutter_width=\u00a0\u00bb1&Prime; make_equal=\u00a0\u00bbon\u00a0\u00bb _builder_version=\u00a0\u00bb4.14.5&Prime; _module_preset=\u00a0\u00bbdefault\u00a0\u00bb max_width=\u00a0\u00bb600px\u00a0\u00bb custom_margin=\u00a0\u00bb||||false|false\u00a0\u00bb custom_padding=\u00a0\u00bb11px||||false|false\u00a0\u00bb global_colors_info=\u00a0\u00bb{}\u00a0\u00bb][et_pb_column type=\u00a0\u00bb1_3&Prime; _builder_version=\u00a0\u00bb4.14.5&Prime; _module_preset=\u00a0\u00bbdefault\u00a0\u00bb global_colors_info=\u00a0\u00bb{}\u00a0\u00bb][et_pb_text _builder_version=\u00a0\u00bb4.14.5&Prime; _module_preset=\u00a0\u00bbdefault\u00a0\u00bb global_colors_info=\u00a0\u00bb{}\u00a0\u00bb]<\/p>\n<p style=\"text-align: center;\"><a href=\"https:\/\/honeywellpluggedin.ca\/manuals\/\"><strong>Manuels<\/strong><\/a><\/p>\n<p>[\/et_pb_text][\/et_pb_column][et_pb_column type=\u00a0\u00bb1_3&Prime; _builder_version=\u00a0\u00bb4.14.5&Prime; _module_preset=\u00a0\u00bbdefault\u00a0\u00bb global_colors_info=\u00a0\u00bb{}\u00a0\u00bb][et_pb_text _builder_version=\u00a0\u00bb4.14.5&Prime; _module_preset=\u00a0\u00bbdefault\u00a0\u00bb global_colors_info=\u00a0\u00bb{}\u00a0\u00bb]<\/p>\n<p style=\"text-align: center;\"><a href=\"https:\/\/honeywellpluggedin.ca\/fr\/videos\/\"><strong>Vid\u00e9os<\/strong><\/a><\/p>\n<p>[\/et_pb_text][\/et_pb_column][et_pb_column type=\u00a0\u00bb1_3&Prime; _builder_version=\u00a0\u00bb4.14.5&Prime; _module_preset=\u00a0\u00bbdefault\u00a0\u00bb global_colors_info=\u00a0\u00bb{}\u00a0\u00bb][et_pb_text _builder_version=\u00a0\u00bb4.14.5&Prime; _module_preset=\u00a0\u00bbdefault\u00a0\u00bb text_orientation=\u00a0\u00bbcenter\u00a0\u00bb global_colors_info=\u00a0\u00bb{}\u00a0\u00bb]<\/p>\n<p style=\"text-align: center;\"><a href=\"https:\/\/honeywellpluggedin.ca\/fr\/enregistrement-de-la-garantie\/\"><strong>Enregistrement de la garantie<\/strong><\/a><\/p>\n<p>[\/et_pb_text][\/et_pb_column][\/et_pb_row][et_pb_row _builder_version=\u00a0\u00bb4.14.5&Prime; _module_preset=\u00a0\u00bbdefault\u00a0\u00bb custom_margin=\u00a0\u00bb36px|auto||auto||\u00a0\u00bb global_colors_info=\u00a0\u00bb{}\u00a0\u00bb][et_pb_column type=\u00a0\u00bb4_4&Prime; _builder_version=\u00a0\u00bb4.14.5&Prime; _module_preset=\u00a0\u00bbdefault\u00a0\u00bb global_colors_info=\u00a0\u00bb{}\u00a0\u00bb][et_pb_text _builder_version=\u00a0\u00bb4.14.5&Prime; _module_preset=\u00a0\u00bbdefault\u00a0\u00bb text_orientation=\u00a0\u00bbcenter\u00a0\u00bb custom_margin=\u00a0\u00bb||-2px|||\u00a0\u00bb global_colors_info=\u00a0\u00bb{}\u00a0\u00bb]<\/p>\n<h4 class=\"text-center\">Obtenez de l\u2019aide et d\u00e9couvrez votre produit.<\/h4>\n<p>[\/et_pb_text][\/et_pb_column][\/et_pb_row][et_pb_row column_structure=\u00a0\u00bb1_4,1_4,1_4,1_4&Prime; _builder_version=\u00a0\u00bb4.14.5&Prime; _module_preset=\u00a0\u00bbdefault\u00a0\u00bb global_colors_info=\u00a0\u00bb{}\u00a0\u00bb][et_pb_column type=\u00a0\u00bb1_4&Prime; _builder_version=\u00a0\u00bb4.14.5&Prime; _module_preset=\u00a0\u00bbdefault\u00a0\u00bb link_option_url=\u00a0\u00bbhttps:\/\/honeywellpluggedin.ca\/fr\/support-purificateur-dair\/\u00a0\u00bb global_colors_info=\u00a0\u00bb{}\u00a0\u00bb][et_pb_image src=\u00a0\u00bbhttps:\/\/honeywellpluggedin.ca\/wp-content\/uploads\/support-purifier.jpg\u00a0\u00bb title_text=\u00a0\u00bbsupport-purifier\u00a0\u00bb align=\u00a0\u00bbcenter\u00a0\u00bb module_class=\u00a0\u00bbsupport-quicklink\u00a0\u00bb _builder_version=\u00a0\u00bb4.14.5&Prime; _module_preset=\u00a0\u00bbdefault\u00a0\u00bb module_alignment=\u00a0\u00bbcenter\u00a0\u00bb max_height=\u00a0\u00bb150px\u00a0\u00bb global_colors_info=\u00a0\u00bb{}\u00a0\u00bb][\/et_pb_image][et_pb_text _builder_version=\u00a0\u00bb4.14.5&Prime; _module_preset=\u00a0\u00bbdefault\u00a0\u00bb text_orientation=\u00a0\u00bbcenter\u00a0\u00bb global_colors_info=\u00a0\u00bb{}\u00a0\u00bb]<\/p>\n<p><strong><a href=\"https:\/\/honeywellpluggedin.ca\/fr\/support-purificateur-dair\/\">purificateur d\u2019air<\/a><\/strong><\/p>\n<p>[\/et_pb_text][\/et_pb_column][et_pb_column type=\u00a0\u00bb1_4&Prime; _builder_version=\u00a0\u00bb4.14.5&Prime; _module_preset=\u00a0\u00bbdefault\u00a0\u00bb global_colors_info=\u00a0\u00bb{}\u00a0\u00bb][et_pb_image src=\u00a0\u00bbhttps:\/\/honeywellpluggedin.ca\/wp-content\/uploads\/support-fan.jpg\u00a0\u00bb title_text=\u00a0\u00bbsupport-fan\u00a0\u00bb url=\u00a0\u00bbhttps:\/\/honeywellpluggedin.ca\/fr\/assistance-ventilateur\/\u00a0\u00bb align=\u00a0\u00bbcenter\u00a0\u00bb module_class=\u00a0\u00bbsupport-quicklink\u00a0\u00bb _builder_version=\u00a0\u00bb4.14.5&Prime; _module_preset=\u00a0\u00bbdefault\u00a0\u00bb module_alignment=\u00a0\u00bbcenter\u00a0\u00bb max_height=\u00a0\u00bb150px\u00a0\u00bb global_colors_info=\u00a0\u00bb{}\u00a0\u00bb][\/et_pb_image][et_pb_text _builder_version=\u00a0\u00bb4.14.5&Prime; _module_preset=\u00a0\u00bbdefault\u00a0\u00bb text_orientation=\u00a0\u00bbcenter\u00a0\u00bb global_colors_info=\u00a0\u00bb{}\u00a0\u00bb]<\/p>\n<p><a href=\"https:\/\/honeywellpluggedin.ca\/fr\/assistance-ventilateur\/\"><strong>Ventilateurs<\/strong><\/a><\/p>\n<p>[\/et_pb_text][\/et_pb_column][et_pb_column type=\u00a0\u00bb1_4&Prime; _builder_version=\u00a0\u00bb4.14.5&Prime; _module_preset=\u00a0\u00bbdefault\u00a0\u00bb global_colors_info=\u00a0\u00bb{}\u00a0\u00bb][et_pb_image src=\u00a0\u00bbhttps:\/\/honeywellpluggedin.ca\/wp-content\/uploads\/support-heater.jpg\u00a0\u00bb title_text=\u00a0\u00bbsupport-heater\u00a0\u00bb url=\u00a0\u00bbhttps:\/\/honeywellpluggedin.ca\/fr\/assistance-radiateur\/\u00a0\u00bb align=\u00a0\u00bbcenter\u00a0\u00bb module_class=\u00a0\u00bbsupport-quicklink\u00a0\u00bb _builder_version=\u00a0\u00bb4.14.5&Prime; _module_preset=\u00a0\u00bbdefault\u00a0\u00bb module_alignment=\u00a0\u00bbcenter\u00a0\u00bb max_height=\u00a0\u00bb150px\u00a0\u00bb global_colors_info=\u00a0\u00bb{}\u00a0\u00bb][\/et_pb_image][et_pb_text _builder_version=\u00a0\u00bb4.14.5&Prime; _module_preset=\u00a0\u00bbdefault\u00a0\u00bb text_orientation=\u00a0\u00bbcenter\u00a0\u00bb global_colors_info=\u00a0\u00bb{}\u00a0\u00bb]<\/p>\n<p><a href=\"https:\/\/honeywellpluggedin.ca\/fr\/assistance-radiateur\/\"><strong>Radiateurs<\/strong><\/a><\/p>\n<p>[\/et_pb_text][\/et_pb_column][et_pb_column type=\u00a0\u00bb1_4&Prime; _builder_version=\u00a0\u00bb4.14.5&Prime; _module_preset=\u00a0\u00bbdefault\u00a0\u00bb global_colors_info=\u00a0\u00bb{}\u00a0\u00bb][et_pb_image src=\u00a0\u00bbhttps:\/\/honeywellpluggedin.ca\/wp-content\/uploads\/support-humidifier.jpg\u00a0\u00bb title_text=\u00a0\u00bbsupport-humidifier\u00a0\u00bb url=\u00a0\u00bbhttps:\/\/honeywellpluggedin.ca\/fr\/assistance-humidificateur\/\u00a0\u00bb align=\u00a0\u00bbcenter\u00a0\u00bb module_class=\u00a0\u00bbsupport-quicklink\u00a0\u00bb _builder_version=\u00a0\u00bb4.14.5&Prime; _module_preset=\u00a0\u00bbdefault\u00a0\u00bb module_alignment=\u00a0\u00bbcenter\u00a0\u00bb max_height=\u00a0\u00bb150px\u00a0\u00bb global_colors_info=\u00a0\u00bb{}\u00a0\u00bb][\/et_pb_image][et_pb_text _builder_version=\u00a0\u00bb4.14.5&Prime; _module_preset=\u00a0\u00bbdefault\u00a0\u00bb text_orientation=\u00a0\u00bbcenter\u00a0\u00bb global_colors_info=\u00a0\u00bb{}\u00a0\u00bb]<\/p>\n<p><a href=\"https:\/\/honeywellpluggedin.ca\/fr\/assistance-humidificateur\/\"><strong>humidificateur<\/strong><\/a><\/p>\n<p>[\/et_pb_text][\/et_pb_column][\/et_pb_row][\/et_pb_section][et_pb_section fb_built=\u00a0\u00bb1&Prime; _builder_version=\u00a0\u00bb4.14.5&Prime; _module_preset=\u00a0\u00bbdefault\u00a0\u00bb background_color=\u00a0\u00bb#fdfcfa\u00a0\u00bb custom_margin=\u00a0\u00bb0px||0px||true|false\u00a0\u00bb custom_padding=\u00a0\u00bb0px||0px||true|false\u00a0\u00bb global_colors_info=\u00a0\u00bb{}\u00a0\u00bb][et_pb_row column_structure=\u00a0\u00bb3_5,2_5&Prime; make_equal=\u00a0\u00bbon\u00a0\u00bb _builder_version=\u00a0\u00bb4.14.5&Prime; _module_preset=\u00a0\u00bbdefault\u00a0\u00bb custom_padding=\u00a0\u00bb0px||0px||true|false\u00a0\u00bb global_colors_info=\u00a0\u00bb{}\u00a0\u00bb][et_pb_column type=\u00a0\u00bb3_5&Prime; _builder_version=\u00a0\u00bb4.14.5&Prime; _module_preset=\u00a0\u00bbdefault\u00a0\u00bb global_colors_info=\u00a0\u00bb{}\u00a0\u00bb][et_pb_text _builder_version=\u00a0\u00bb4.14.5&Prime; _module_preset=\u00a0\u00bbdefault\u00a0\u00bb custom_margin=\u00a0\u00bb120px|||||\u00a0\u00bb global_colors_info=\u00a0\u00bb{}\u00a0\u00bb]<\/p>\n<p><strong>Attention aux filtres contrefaits<\/strong><\/p>\n<p>Pour garantir des performances optimales du produit, utilisez uniquement des filtres de remplacement Honeywell certifi\u00e9s.<\/p>\n<p>[\/et_pb_text][et_pb_divider show_divider=\u00a0\u00bboff\u00a0\u00bb disabled_on=\u00a0\u00bbon|on|off\u00a0\u00bb _builder_version=\u00a0\u00bb4.14.5&Prime; _module_preset=\u00a0\u00bbdefault\u00a0\u00bb custom_padding=\u00a0\u00bb||104px|||\u00a0\u00bb global_colors_info=\u00a0\u00bb{}\u00a0\u00bb][\/et_pb_divider][\/et_pb_column][et_pb_column type=\u00a0\u00bb2_5&Prime; _builder_version=\u00a0\u00bb4.14.5&Prime; _module_preset=\u00a0\u00bbdefault\u00a0\u00bb background_image=\u00a0\u00bbhttps:\/\/honeywellpluggedin.ca\/wp-content\/uploads\/hepa-filter-ribbon.png\u00a0\u00bb background_position=\u00a0\u00bbtop_center\u00a0\u00bb global_colors_info=\u00a0\u00bb{}\u00a0\u00bb][\/et_pb_column][\/et_pb_row][\/et_pb_section][et_pb_section fb_built=\u00a0\u00bb1&Prime; _builder_version=\u00a0\u00bb4.14.5&Prime; _module_preset=\u00a0\u00bbdefault\u00a0\u00bb background_color=\u00a0\u00bb#FFFFFF\u00a0\u00bb background_image=\u00a0\u00bbhttps:\/\/honeywellpluggedin.ca\/wp-content\/uploads\/support-medical.jpg\u00a0\u00bb background_size=\u00a0\u00bbcontain\u00a0\u00bb background_position=\u00a0\u00bbcenter_left\u00a0\u00bb module_alignment=\u00a0\u00bbcenter\u00a0\u00bb custom_margin=\u00a0\u00bb0px||0px||false|false\u00a0\u00bb custom_padding=\u00a0\u00bb11px||0px||false|false\u00a0\u00bb background_last_edited=\u00a0\u00bbon|phone\u00a0\u00bb background_enable_image_tablet=\u00a0\u00bboff\u00a0\u00bb global_colors_info=\u00a0\u00bb{}\u00a0\u00bb][et_pb_row column_structure=\u00a0\u00bb1_2,1_2&Prime; _builder_version=\u00a0\u00bb4.14.5&Prime; _module_preset=\u00a0\u00bbdefault\u00a0\u00bb custom_margin=\u00a0\u00bb21px|auto||auto||\u00a0\u00bb custom_padding=\u00a0\u00bb54px||61px|||\u00a0\u00bb global_colors_info=\u00a0\u00bb{}\u00a0\u00bb][et_pb_column type=\u00a0\u00bb1_2&Prime; _builder_version=\u00a0\u00bb4.14.5&Prime; _module_preset=\u00a0\u00bbdefault\u00a0\u00bb global_colors_info=\u00a0\u00bb{}\u00a0\u00bb][\/et_pb_column][et_pb_column type=\u00a0\u00bb1_2&Prime; _builder_version=\u00a0\u00bb4.14.5&Prime; _module_preset=\u00a0\u00bbdefault\u00a0\u00bb global_colors_info=\u00a0\u00bb{}\u00a0\u00bb][et_pb_text _builder_version=\u00a0\u00bb4.14.5&Prime; _module_preset=\u00a0\u00bbdefault\u00a0\u00bb hover_enabled=\u00a0\u00bb0&Prime; global_colors_info=\u00a0\u00bb{}\u00a0\u00bb sticky_enabled=\u00a0\u00bb0&Prime;]<\/p>\n<p><strong>Professionnel de la sant\u00e9 ?<\/strong><br \/>Trouvez des conseils sur la qualit\u00e9 de l\u2019air pour vos patients et d\u00e9couvrez pourquoi vous devriez recommander un purificateur d\u2019air Honeywell.<\/p>\n<p><a href=\"https:\/\/honeywellpluggedin.ca\/fr\/conseils-sur-la-qualite-de-lair-pour-les-patients\/\">Conseils sur la qualit\u00e9 de l\u2019air<\/a><\/p>\n<p><a href=\"https:\/\/honeywellpluggedin.ca\/fr\/a-propos-des-purificateurs-dair\/\">Pourquoi choisir les purificateurs d\u2019air Honeywell ?<\/a><\/p>\n<p>[\/et_pb_text][et_pb_image src=\u00a0\u00bbhttps:\/\/honeywellpluggedin.ca\/wp-content\/uploads\/support-medical.jpg\u00a0\u00bb title_text=\u00a0\u00bbsupport-medical\u00a0\u00bb align=\u00a0\u00bbcenter\u00a0\u00bb disabled_on=\u00a0\u00bboff|off|on\u00a0\u00bb _builder_version=\u00a0\u00bb4.14.5&Prime; _module_preset=\u00a0\u00bbdefault\u00a0\u00bb global_colors_info=\u00a0\u00bb{}\u00a0\u00bb][\/et_pb_image][\/et_pb_column][\/et_pb_row][\/et_pb_section]<\/p>\n","protected":false},"excerpt":{"rendered":"<p>Besoin d\u2019aide ?ManuelsVid\u00e9osEnregistrement de la garantieObtenez de l\u2019aide et d\u00e9couvrez votre produit.purificateur d\u2019airVentilateursRadiateurshumidificateurAttention aux filtres contrefaits Pour garantir des performances optimales du produit, utilisez uniquement des filtres de remplacement Honeywell certifi\u00e9s.Professionnel de la sant\u00e9 ?Trouvez des conseils sur la qualit\u00e9 de l\u2019air pour vos patients et d\u00e9couvrez pourquoi vous devriez recommander un purificateur d\u2019air Honeywell. [&hellip;]<\/p>\n","protected":false},"author":1,"featured_media":0,"parent":0,"menu_order":0,"comment_status":"closed","ping_status":"closed","template":"","meta":{"_et_pb_use_builder":"on","_et_pb_old_content":"","_et_gb_content_width":"","footnotes":""},"class_list":["post-11470","page","type-page","status-publish","hentry"],"acf":[],"yoast_head":"<!-- This site is optimized with the Yoast SEO plugin v26.9 - https:\/\/yoast.com\/product\/yoast-seo-wordpress\/ -->\n<title>Soutien - Honeywell Plugged In CA<\/title>\n<meta name=\"robots\" content=\"noindex, follow, max-snippet:-1, max-image-preview:large, max-video-preview:-1\" \/>\n<meta property=\"og:locale\" content=\"fr_FR\" \/>\n<meta property=\"og:type\" content=\"article\" \/>\n<meta property=\"og:title\" content=\"Soutien - Honeywell Plugged In CA\" \/>\n<meta property=\"og:description\" content=\"Besoin d\u2019aide ?ManuelsVid\u00e9osEnregistrement de la garantieObtenez de l\u2019aide et d\u00e9couvrez votre produit.purificateur d\u2019airVentilateursRadiateurshumidificateurAttention aux filtres contrefaits Pour garantir des performances optimales du produit, utilisez uniquement des filtres de remplacement Honeywell certifi\u00e9s.Professionnel de la sant\u00e9 ?Trouvez des conseils sur la qualit\u00e9 de l\u2019air pour vos patients et d\u00e9couvrez pourquoi vous devriez recommander un purificateur d\u2019air Honeywell. [&hellip;]\" \/>\n<meta property=\"og:url\" content=\"https:\/\/honeywellpluggedin.ca\/fr\/soutien\/\" \/>\n<meta property=\"og:site_name\" content=\"Honeywell Plugged In CA\" \/>\n<meta property=\"article:modified_time\" content=\"2025-07-28T13:43:33+00:00\" \/>\n<meta name=\"twitter:card\" content=\"summary_large_image\" \/>\n<meta name=\"twitter:label1\" content=\"Est. reading time\" \/>\n\t<meta name=\"twitter:data1\" content=\"5 minutes\" \/>\n<script type=\"application\/ld+json\" class=\"yoast-schema-graph\">{\"@context\":\"https:\/\/schema.org\",\"@graph\":[{\"@type\":\"WebPage\",\"@id\":\"https:\/\/honeywellpluggedin.ca\/fr\/soutien\/\",\"url\":\"https:\/\/honeywellpluggedin.ca\/fr\/soutien\/\",\"name\":\"Soutien - Honeywell Plugged In CA\",\"isPartOf\":{\"@id\":\"https:\/\/honeywellpluggedin.ca\/#website\"},\"datePublished\":\"2022-09-08T11:36:58+00:00\",\"dateModified\":\"2025-07-28T13:43:33+00:00\",\"breadcrumb\":{\"@id\":\"https:\/\/honeywellpluggedin.ca\/fr\/soutien\/#breadcrumb\"},\"inLanguage\":\"fr-FR\",\"potentialAction\":[{\"@type\":\"ReadAction\",\"target\":[\"https:\/\/honeywellpluggedin.ca\/fr\/soutien\/\"]}]},{\"@type\":\"BreadcrumbList\",\"@id\":\"https:\/\/honeywellpluggedin.ca\/fr\/soutien\/#breadcrumb\",\"itemListElement\":[{\"@type\":\"ListItem\",\"position\":1,\"name\":\"Home\",\"item\":\"https:\/\/honeywellpluggedin.ca\/fr\/\"},{\"@type\":\"ListItem\",\"position\":2,\"name\":\"Soutien\"}]},{\"@type\":\"WebSite\",\"@id\":\"https:\/\/honeywellpluggedin.ca\/#website\",\"url\":\"https:\/\/honeywellpluggedin.ca\/\",\"name\":\"Honeywell Plugged In CA\",\"description\":\"Live More Comfortably\",\"potentialAction\":[{\"@type\":\"SearchAction\",\"target\":{\"@type\":\"EntryPoint\",\"urlTemplate\":\"https:\/\/honeywellpluggedin.ca\/?s={search_term_string}\"},\"query-input\":{\"@type\":\"PropertyValueSpecification\",\"valueRequired\":true,\"valueName\":\"search_term_string\"}}],\"inLanguage\":\"fr-FR\"}]}<\/script>\n<!-- \/ Yoast SEO plugin. -->","yoast_head_json":{"title":"Soutien - Honeywell Plugged In CA","robots":{"index":"noindex","follow":"follow","max-snippet":"max-snippet:-1","max-image-preview":"max-image-preview:large","max-video-preview":"max-video-preview:-1"},"og_locale":"fr_FR","og_type":"article","og_title":"Soutien - Honeywell Plugged In CA","og_description":"Besoin d\u2019aide ?ManuelsVid\u00e9osEnregistrement de la garantieObtenez de l\u2019aide et d\u00e9couvrez votre produit.purificateur d\u2019airVentilateursRadiateurshumidificateurAttention aux filtres contrefaits Pour garantir des performances optimales du produit, utilisez uniquement des filtres de remplacement Honeywell certifi\u00e9s.Professionnel de la sant\u00e9 ?Trouvez des conseils sur la qualit\u00e9 de l\u2019air pour vos patients et d\u00e9couvrez pourquoi vous devriez recommander un purificateur d\u2019air Honeywell. [&hellip;]","og_url":"https:\/\/honeywellpluggedin.ca\/fr\/soutien\/","og_site_name":"Honeywell Plugged In CA","article_modified_time":"2025-07-28T13:43:33+00:00","twitter_card":"summary_large_image","twitter_misc":{"Est. reading time":"5 minutes"},"schema":{"@context":"https:\/\/schema.org","@graph":[{"@type":"WebPage","@id":"https:\/\/honeywellpluggedin.ca\/fr\/soutien\/","url":"https:\/\/honeywellpluggedin.ca\/fr\/soutien\/","name":"Soutien - Honeywell Plugged In CA","isPartOf":{"@id":"https:\/\/honeywellpluggedin.ca\/#website"},"datePublished":"2022-09-08T11:36:58+00:00","dateModified":"2025-07-28T13:43:33+00:00","breadcrumb":{"@id":"https:\/\/honeywellpluggedin.ca\/fr\/soutien\/#breadcrumb"},"inLanguage":"fr-FR","potentialAction":[{"@type":"ReadAction","target":["https:\/\/honeywellpluggedin.ca\/fr\/soutien\/"]}]},{"@type":"BreadcrumbList","@id":"https:\/\/honeywellpluggedin.ca\/fr\/soutien\/#breadcrumb","itemListElement":[{"@type":"ListItem","position":1,"name":"Home","item":"https:\/\/honeywellpluggedin.ca\/fr\/"},{"@type":"ListItem","position":2,"name":"Soutien"}]},{"@type":"WebSite","@id":"https:\/\/honeywellpluggedin.ca\/#website","url":"https:\/\/honeywellpluggedin.ca\/","name":"Honeywell Plugged In CA","description":"Live More Comfortably","potentialAction":[{"@type":"SearchAction","target":{"@type":"EntryPoint","urlTemplate":"https:\/\/honeywellpluggedin.ca\/?s={search_term_string}"},"query-input":{"@type":"PropertyValueSpecification","valueRequired":true,"valueName":"search_term_string"}}],"inLanguage":"fr-FR"}]}},"_links":{"self":[{"href":"https:\/\/honeywellpluggedin.ca\/fr\/wp-json\/wp\/v2\/pages\/11470","targetHints":{"allow":["GET"]}}],"collection":[{"href":"https:\/\/honeywellpluggedin.ca\/fr\/wp-json\/wp\/v2\/pages"}],"about":[{"href":"https:\/\/honeywellpluggedin.ca\/fr\/wp-json\/wp\/v2\/types\/page"}],"author":[{"embeddable":true,"href":"https:\/\/honeywellpluggedin.ca\/fr\/wp-json\/wp\/v2\/users\/1"}],"replies":[{"embeddable":true,"href":"https:\/\/honeywellpluggedin.ca\/fr\/wp-json\/wp\/v2\/comments?post=11470"}],"version-history":[{"count":6,"href":"https:\/\/honeywellpluggedin.ca\/fr\/wp-json\/wp\/v2\/pages\/11470\/revisions"}],"predecessor-version":[{"id":11544,"href":"https:\/\/honeywellpluggedin.ca\/fr\/wp-json\/wp\/v2\/pages\/11470\/revisions\/11544"}],"wp:attachment":[{"href":"https:\/\/honeywellpluggedin.ca\/fr\/wp-json\/wp\/v2\/media?parent=11470"}],"curies":[{"name":"wp","href":"https:\/\/api.w.org\/{rel}","templated":true}]}}