{"id":11489,"date":"2022-10-24T15:58:24","date_gmt":"2022-10-24T15:58:24","guid":{"rendered":"https:\/\/honeywellpluggedin.ca\/conseils-sur-la-qualite-de-lair-pour-les-patients\/"},"modified":"2025-07-15T14:22:58","modified_gmt":"2025-07-15T14:22:58","slug":"conseils-sur-la-qualite-de-lair-pour-les-patients","status":"publish","type":"page","link":"https:\/\/honeywellpluggedin.ca\/fr\/conseils-sur-la-qualite-de-lair-pour-les-patients\/","title":{"rendered":"Conseils sur la qualit\u00e9 de l\u2019air pour les patients"},"content":{"rendered":"<p>[et_pb_section fb_built=\u00a0\u00bb1&Prime; _builder_version=\u00a0\u00bb4.14.5&Prime; _module_preset=\u00a0\u00bbdefault\u00a0\u00bb background_color=\u00a0\u00bb#fdfcfa\u00a0\u00bb global_colors_info=\u00a0\u00bb{}\u00a0\u00bb theme_builder_area=\u00a0\u00bbpost_content\u00a0\u00bb][et_pb_row _builder_version=\u00a0\u00bb4.14.5&Prime; _module_preset=\u00a0\u00bbdefault\u00a0\u00bb global_colors_info=\u00a0\u00bb{}\u00a0\u00bb theme_builder_area=\u00a0\u00bbpost_content\u00a0\u00bb][et_pb_column type=\u00a0\u00bb4_4&Prime; _builder_version=\u00a0\u00bb4.14.5&Prime; _module_preset=\u00a0\u00bbdefault\u00a0\u00bb global_colors_info=\u00a0\u00bb{}\u00a0\u00bb theme_builder_area=\u00a0\u00bbpost_content\u00a0\u00bb][et_pb_text _builder_version=\u00a0\u00bb4.14.5&Prime; _module_preset=\u00a0\u00bbdefault\u00a0\u00bb hover_enabled=\u00a0\u00bb0&Prime; global_colors_info=\u00a0\u00bb{}\u00a0\u00bb theme_builder_area=\u00a0\u00bbpost_content\u00a0\u00bb sticky_enabled=\u00a0\u00bb0&Prime;]<\/p>\n<h2>Conseils sur la qualit\u00e9 de l\u2019air pour les patients<\/h2>\n<p>[\/et_pb_text][\/et_pb_column][\/et_pb_row][\/et_pb_section][et_pb_section fb_built=\u00a0\u00bb1&Prime; _builder_version=\u00a0\u00bb4.14.5&Prime; _module_preset=\u00a0\u00bbdefault\u00a0\u00bb background_color=\u00a0\u00bb#FFFFFF\u00a0\u00bb module_alignment=\u00a0\u00bbcenter\u00a0\u00bb custom_margin=\u00a0\u00bb0px||0px||false|false\u00a0\u00bb custom_padding=\u00a0\u00bb11px||0px||false|false\u00a0\u00bb global_colors_info=\u00a0\u00bb{}\u00a0\u00bb theme_builder_area=\u00a0\u00bbpost_content\u00a0\u00bb][et_pb_row column_structure=\u00a0\u00bb2_5,3_5&Prime; _builder_version=\u00a0\u00bb4.14.5&Prime; _module_preset=\u00a0\u00bbdefault\u00a0\u00bb global_colors_info=\u00a0\u00bb{}\u00a0\u00bb theme_builder_area=\u00a0\u00bbpost_content\u00a0\u00bb][et_pb_column type=\u00a0\u00bb2_5&Prime; _builder_version=\u00a0\u00bb4.14.5&Prime; _module_preset=\u00a0\u00bbdefault\u00a0\u00bb global_colors_info=\u00a0\u00bb{}\u00a0\u00bb theme_builder_area=\u00a0\u00bbpost_content\u00a0\u00bb][et_pb_text _builder_version=\u00a0\u00bb4.14.5&Prime; _module_preset=\u00a0\u00bbdefault\u00a0\u00bb max_width=\u00a0\u00bb600px\u00a0\u00bb module_alignment=\u00a0\u00bbcenter\u00a0\u00bb hover_enabled=\u00a0\u00bb0&Prime; global_colors_info=\u00a0\u00bb{}\u00a0\u00bb theme_builder_area=\u00a0\u00bbpost_content\u00a0\u00bb sticky_enabled=\u00a0\u00bb0&Prime;]<\/p>\n<h4>Contr\u00f4lez la source des allerg\u00e8nes.<\/h4>\n<p>[\/et_pb_text][\/et_pb_column][et_pb_column type=\u00a0\u00bb3_5&Prime; _builder_version=\u00a0\u00bb4.14.5&Prime; _module_preset=\u00a0\u00bbdefault\u00a0\u00bb global_colors_info=\u00a0\u00bb{}\u00a0\u00bb theme_builder_area=\u00a0\u00bbpost_content\u00a0\u00bb][et_pb_text _builder_version=\u00a0\u00bb4.14.5&Prime; _module_preset=\u00a0\u00bbdefault\u00a0\u00bb theme_builder_area=\u00a0\u00bbpost_content\u00a0\u00bb hover_enabled=\u00a0\u00bb0&Prime; sticky_enabled=\u00a0\u00bb0&Prime;]<\/p>\n<p><strong>Ne laissez pas la poussi\u00e8re s\u2019accumuler.<\/strong><\/p>\n<p>Gardez les fen\u00eatres et les portes ferm\u00e9es lorsque le taux d\u2019allerg\u00e8nes ext\u00e9rieurs, comme le pollen, est \u00e9lev\u00e9.<\/p>\n<p>[\/et_pb_text][\/et_pb_column][\/et_pb_row][et_pb_row column_structure=\u00a0\u00bb2_5,3_5&Prime; _builder_version=\u00a0\u00bb4.14.5&Prime; _module_preset=\u00a0\u00bbdefault\u00a0\u00bb global_colors_info=\u00a0\u00bb{}\u00a0\u00bb theme_builder_area=\u00a0\u00bbpost_content\u00a0\u00bb][et_pb_column type=\u00a0\u00bb2_5&Prime; _builder_version=\u00a0\u00bb4.14.5&Prime; _module_preset=\u00a0\u00bbdefault\u00a0\u00bb global_colors_info=\u00a0\u00bb{}\u00a0\u00bb theme_builder_area=\u00a0\u00bbpost_content\u00a0\u00bb][et_pb_text _builder_version=\u00a0\u00bb4.14.5&Prime; _module_preset=\u00a0\u00bbdefault\u00a0\u00bb max_width=\u00a0\u00bb600px\u00a0\u00bb module_alignment=\u00a0\u00bbcenter\u00a0\u00bb hover_enabled=\u00a0\u00bb0&Prime; global_colors_info=\u00a0\u00bb{}\u00a0\u00bb theme_builder_area=\u00a0\u00bbpost_content\u00a0\u00bb sticky_enabled=\u00a0\u00bb0&Prime;]<\/p>\n<h4>Utilisez un purificateur d\u2019air pour r\u00e9duire les allerg\u00e8nes dans votre environnement domestique.<\/h4>\n<p>[\/et_pb_text][\/et_pb_column][et_pb_column type=\u00a0\u00bb3_5&Prime; _builder_version=\u00a0\u00bb4.14.5&Prime; _module_preset=\u00a0\u00bbdefault\u00a0\u00bb global_colors_info=\u00a0\u00bb{}\u00a0\u00bb theme_builder_area=\u00a0\u00bbpost_content\u00a0\u00bb][et_pb_text _builder_version=\u00a0\u00bb4.14.5&Prime; _module_preset=\u00a0\u00bbdefault\u00a0\u00bb theme_builder_area=\u00a0\u00bbpost_content\u00a0\u00bb hover_enabled=\u00a0\u00bb0&Prime; sticky_enabled=\u00a0\u00bb0&Prime;]<\/p>\n<p><strong>Le vrai HEPA \u00e0 la rescousse.<\/strong><\/p>\n<p>Les purificateurs d\u2019air avec filtre True HEPA \u00e9liminent jusqu\u2019\u00e0 99,97 % des particules microscopiques (0,3 micron) qui traversent les filtres.<\/p>\n<p>[\/et_pb_text][\/et_pb_column][\/et_pb_row][et_pb_row column_structure=\u00a0\u00bb2_5,3_5&Prime; _builder_version=\u00a0\u00bb4.14.5&Prime; _module_preset=\u00a0\u00bbdefault\u00a0\u00bb global_colors_info=\u00a0\u00bb{}\u00a0\u00bb theme_builder_area=\u00a0\u00bbpost_content\u00a0\u00bb][et_pb_column type=\u00a0\u00bb2_5&Prime; _builder_version=\u00a0\u00bb4.14.5&Prime; _module_preset=\u00a0\u00bbdefault\u00a0\u00bb global_colors_info=\u00a0\u00bb{}\u00a0\u00bb theme_builder_area=\u00a0\u00bbpost_content\u00a0\u00bb][et_pb_text _builder_version=\u00a0\u00bb4.14.5&Prime; _module_preset=\u00a0\u00bbdefault\u00a0\u00bb max_width=\u00a0\u00bb600px\u00a0\u00bb module_alignment=\u00a0\u00bbcenter\u00a0\u00bb hover_enabled=\u00a0\u00bb0&Prime; global_colors_info=\u00a0\u00bb{}\u00a0\u00bb theme_builder_area=\u00a0\u00bbpost_content\u00a0\u00bb sticky_enabled=\u00a0\u00bb0&Prime;]<\/p>\n<h4>Informez-vous sur les allerg\u00e8nes et leurs sources.<\/h4>\n<p>[\/et_pb_text][\/et_pb_column][et_pb_column type=\u00a0\u00bb3_5&Prime; _builder_version=\u00a0\u00bb4.14.5&Prime; _module_preset=\u00a0\u00bbdefault\u00a0\u00bb global_colors_info=\u00a0\u00bb{}\u00a0\u00bb theme_builder_area=\u00a0\u00bbpost_content\u00a0\u00bb][et_pb_text _builder_version=\u00a0\u00bb4.14.5&Prime; _module_preset=\u00a0\u00bbdefault\u00a0\u00bb theme_builder_area=\u00a0\u00bbpost_content\u00a0\u00bb hover_enabled=\u00a0\u00bb0&Prime; sticky_enabled=\u00a0\u00bb0&Prime;]<\/p>\n<p><strong>Pr\u00eat toute l\u2019ann\u00e9e.<\/strong><\/p>\n<p>La plupart des gens connaissent la gravit\u00e9 du pollen au printemps, mais chaque saison apporte son propre lot d\u2019allerg\u00e8nes en suspension dans l\u2019air qui peuvent s\u2019introduire dans votre maison. N\u2019oubliez pas ces allerg\u00e8nes en automne et en hiver. Ramassez les feuilles mortes avant qu\u2019elles ne deviennent humides, et gardez les goutti\u00e8res et tuyaux de drainage d\u00e9gag\u00e9s des feuilles qui peuvent moisir.  <\/p>\n<p>[\/et_pb_text][\/et_pb_column][\/et_pb_row][et_pb_row column_structure=\u00a0\u00bb2_5,3_5&Prime; _builder_version=\u00a0\u00bb4.14.5&Prime; _module_preset=\u00a0\u00bbdefault\u00a0\u00bb global_colors_info=\u00a0\u00bb{}\u00a0\u00bb theme_builder_area=\u00a0\u00bbpost_content\u00a0\u00bb][et_pb_column type=\u00a0\u00bb2_5&Prime; _builder_version=\u00a0\u00bb4.14.5&Prime; _module_preset=\u00a0\u00bbdefault\u00a0\u00bb global_colors_info=\u00a0\u00bb{}\u00a0\u00bb theme_builder_area=\u00a0\u00bbpost_content\u00a0\u00bb][et_pb_text _builder_version=\u00a0\u00bb4.14.5&Prime; _module_preset=\u00a0\u00bbdefault\u00a0\u00bb max_width=\u00a0\u00bb600px\u00a0\u00bb module_alignment=\u00a0\u00bbcenter\u00a0\u00bb hover_enabled=\u00a0\u00bb0&Prime; global_colors_info=\u00a0\u00bb{}\u00a0\u00bb theme_builder_area=\u00a0\u00bbpost_content\u00a0\u00bb sticky_enabled=\u00a0\u00bb0&Prime;]<\/p>\n<h4>Les squames d\u2019animaux sont un allerg\u00e8ne important pour de nombreuses personnes.<\/h4>\n<p>[\/et_pb_text][\/et_pb_column][et_pb_column type=\u00a0\u00bb3_5&Prime; _builder_version=\u00a0\u00bb4.14.5&Prime; _module_preset=\u00a0\u00bbdefault\u00a0\u00bb global_colors_info=\u00a0\u00bb{}\u00a0\u00bb theme_builder_area=\u00a0\u00bbpost_content\u00a0\u00bb][et_pb_text _builder_version=\u00a0\u00bb4.14.5&Prime; _module_preset=\u00a0\u00bbdefault\u00a0\u00bb theme_builder_area=\u00a0\u00bbpost_content\u00a0\u00bb hover_enabled=\u00a0\u00bb0&Prime; sticky_enabled=\u00a0\u00bb0&Prime;]<\/p>\n<p><strong>Gardez vos animaux hors des espaces de sommeil et de repos (loin du lit et des canap\u00e9s).<\/strong><\/p>\n<p>Lavez-les r\u00e9guli\u00e8rement. Passez l\u2019aspirateur sur les carpettes et les tapis fr\u00e9quemment. Pendant la saison o\u00f9 le pollen est \u00e9lev\u00e9, essuyez votre animal (y compris les pattes) lorsqu\u2019il rentre afin de garder les allerg\u00e8nes ext\u00e9rieurs \u00e0 l\u2019ext\u00e9rieur.  <\/p>\n<p>[\/et_pb_text][\/et_pb_column][\/et_pb_row][et_pb_row column_structure=\u00a0\u00bb2_5,3_5&Prime; _builder_version=\u00a0\u00bb4.14.5&Prime; _module_preset=\u00a0\u00bbdefault\u00a0\u00bb global_colors_info=\u00a0\u00bb{}\u00a0\u00bb theme_builder_area=\u00a0\u00bbpost_content\u00a0\u00bb][et_pb_column type=\u00a0\u00bb2_5&Prime; _builder_version=\u00a0\u00bb4.14.5&Prime; _module_preset=\u00a0\u00bbdefault\u00a0\u00bb global_colors_info=\u00a0\u00bb{}\u00a0\u00bb theme_builder_area=\u00a0\u00bbpost_content\u00a0\u00bb][et_pb_text _builder_version=\u00a0\u00bb4.14.5&Prime; _module_preset=\u00a0\u00bbdefault\u00a0\u00bb max_width=\u00a0\u00bb600px\u00a0\u00bb module_alignment=\u00a0\u00bbcenter\u00a0\u00bb hover_enabled=\u00a0\u00bb0&Prime; global_colors_info=\u00a0\u00bb{}\u00a0\u00bb theme_builder_area=\u00a0\u00bbpost_content\u00a0\u00bb sticky_enabled=\u00a0\u00bb0&Prime;]<\/p>\n<h4>V\u00e9rifiez et remplacez le filtre r\u00e9guli\u00e8rement.<\/h4>\n<p>[\/et_pb_text][\/et_pb_column][et_pb_column type=\u00a0\u00bb3_5&Prime; _builder_version=\u00a0\u00bb4.14.5&Prime; _module_preset=\u00a0\u00bbdefault\u00a0\u00bb global_colors_info=\u00a0\u00bb{}\u00a0\u00bb theme_builder_area=\u00a0\u00bbpost_content\u00a0\u00bb][et_pb_text _builder_version=\u00a0\u00bb4.14.5&Prime; _module_preset=\u00a0\u00bbdefault\u00a0\u00bb theme_builder_area=\u00a0\u00bbpost_content\u00a0\u00bb hover_enabled=\u00a0\u00bb0&Prime; sticky_enabled=\u00a0\u00bb0&Prime;]<\/p>\n<p><strong>V\u00e9rifiez et remplacez le filtre de votre purificateur d\u2019air selon le calendrier recommand\u00e9 par le fabricant.<\/strong><\/p>\n<p>Lavez-les r\u00e9guli\u00e8rement. Passez l\u2019aspirateur sur les carpettes et les tapis fr\u00e9quemment. Pendant la saison o\u00f9 le pollen est \u00e9lev\u00e9, essuyez votre animal (y compris les pattes) lorsqu\u2019il rentre afin de garder les allerg\u00e8nes ext\u00e9rieurs \u00e0 l\u2019ext\u00e9rieur.  <\/p>\n<p>[\/et_pb_text][\/et_pb_column][\/et_pb_row][et_pb_row column_structure=\u00a0\u00bb2_5,3_5&Prime; _builder_version=\u00a0\u00bb4.14.5&Prime; _module_preset=\u00a0\u00bbdefault\u00a0\u00bb global_colors_info=\u00a0\u00bb{}\u00a0\u00bb theme_builder_area=\u00a0\u00bbpost_content\u00a0\u00bb][et_pb_column type=\u00a0\u00bb2_5&Prime; _builder_version=\u00a0\u00bb4.14.5&Prime; _module_preset=\u00a0\u00bbdefault\u00a0\u00bb global_colors_info=\u00a0\u00bb{}\u00a0\u00bb theme_builder_area=\u00a0\u00bbpost_content\u00a0\u00bb][et_pb_text _builder_version=\u00a0\u00bb4.14.5&Prime; _module_preset=\u00a0\u00bbdefault\u00a0\u00bb max_width=\u00a0\u00bb600px\u00a0\u00bb module_alignment=\u00a0\u00bbcenter\u00a0\u00bb hover_enabled=\u00a0\u00bb0&Prime; global_colors_info=\u00a0\u00bb{}\u00a0\u00bb theme_builder_area=\u00a0\u00bbpost_content\u00a0\u00bb sticky_enabled=\u00a0\u00bb0&Prime;]<\/p>\n<h4>Recherche de conduits<\/h4>\n<p>[\/et_pb_text][\/et_pb_column][et_pb_column type=\u00a0\u00bb3_5&Prime; _builder_version=\u00a0\u00bb4.14.5&Prime; _module_preset=\u00a0\u00bbdefault\u00a0\u00bb global_colors_info=\u00a0\u00bb{}\u00a0\u00bb theme_builder_area=\u00a0\u00bbpost_content\u00a0\u00bb][et_pb_text _builder_version=\u00a0\u00bb4.14.5&Prime; _module_preset=\u00a0\u00bbdefault\u00a0\u00bb theme_builder_area=\u00a0\u00bbpost_content\u00a0\u00bb hover_enabled=\u00a0\u00bb0&Prime; sticky_enabled=\u00a0\u00bb0&Prime;]<\/p>\n<p><strong>La moisissure et la salet\u00e9 peuvent s\u2019accumuler dans vos conduits.<\/strong><\/p>\n<p>Envisagez de faire appel \u00e0 un service de nettoyage de conduits r\u00e9put\u00e9 qui n\u2019utilise pas de produits chimiques afin de maintenir vos conduits propres.<\/p>\n<p>[\/et_pb_text][\/et_pb_column][\/et_pb_row][et_pb_row column_structure=\u00a0\u00bb2_5,3_5&Prime; _builder_version=\u00a0\u00bb4.14.5&Prime; _module_preset=\u00a0\u00bbdefault\u00a0\u00bb global_colors_info=\u00a0\u00bb{}\u00a0\u00bb theme_builder_area=\u00a0\u00bbpost_content\u00a0\u00bb][et_pb_column type=\u00a0\u00bb2_5&Prime; _builder_version=\u00a0\u00bb4.14.5&Prime; _module_preset=\u00a0\u00bbdefault\u00a0\u00bb global_colors_info=\u00a0\u00bb{}\u00a0\u00bb theme_builder_area=\u00a0\u00bbpost_content\u00a0\u00bb][et_pb_text _builder_version=\u00a0\u00bb4.14.5&Prime; _module_preset=\u00a0\u00bbdefault\u00a0\u00bb max_width=\u00a0\u00bb600px\u00a0\u00bb module_alignment=\u00a0\u00bbcenter\u00a0\u00bb hover_enabled=\u00a0\u00bb0&Prime; global_colors_info=\u00a0\u00bb{}\u00a0\u00bb theme_builder_area=\u00a0\u00bbpost_content\u00a0\u00bb sticky_enabled=\u00a0\u00bb0&Prime;]<\/p>\n<h4>D\u00e9capez les murs.<\/h4>\n<p>[\/et_pb_text][\/et_pb_column][et_pb_column type=\u00a0\u00bb3_5&Prime; _builder_version=\u00a0\u00bb4.14.5&Prime; _module_preset=\u00a0\u00bbdefault\u00a0\u00bb global_colors_info=\u00a0\u00bb{}\u00a0\u00bb theme_builder_area=\u00a0\u00bbpost_content\u00a0\u00bb][et_pb_text _builder_version=\u00a0\u00bb4.14.5&Prime; _module_preset=\u00a0\u00bbdefault\u00a0\u00bb theme_builder_area=\u00a0\u00bbpost_content\u00a0\u00bb hover_enabled=\u00a0\u00bb0&Prime; sticky_enabled=\u00a0\u00bb0&Prime;]<\/p>\n<p><strong>Enlevez le papier peint dans votre maison<\/strong><\/p>\n<p>Utilisez de la peinture \u00e0 faible teneur en allerg\u00e8nes et en COV (compos\u00e9s organiques volatils) sur les murs.<\/p>\n<p>[\/et_pb_text][\/et_pb_column][\/et_pb_row][et_pb_row column_structure=\u00a0\u00bb2_5,3_5&Prime; _builder_version=\u00a0\u00bb4.14.5&Prime; _module_preset=\u00a0\u00bbdefault\u00a0\u00bb global_colors_info=\u00a0\u00bb{}\u00a0\u00bb theme_builder_area=\u00a0\u00bbpost_content\u00a0\u00bb][et_pb_column type=\u00a0\u00bb2_5&Prime; _builder_version=\u00a0\u00bb4.14.5&Prime; _module_preset=\u00a0\u00bbdefault\u00a0\u00bb global_colors_info=\u00a0\u00bb{}\u00a0\u00bb theme_builder_area=\u00a0\u00bbpost_content\u00a0\u00bb][et_pb_text _builder_version=\u00a0\u00bb4.14.5&Prime; _module_preset=\u00a0\u00bbdefault\u00a0\u00bb max_width=\u00a0\u00bb600px\u00a0\u00bb module_alignment=\u00a0\u00bbcenter\u00a0\u00bb hover_enabled=\u00a0\u00bb0&Prime; global_colors_info=\u00a0\u00bb{}\u00a0\u00bb theme_builder_area=\u00a0\u00bbpost_content\u00a0\u00bb sticky_enabled=\u00a0\u00bb0&Prime;]<\/p>\n<h4>Les rev\u00eatements de sol durs sont optimaux.<\/h4>\n<p>[\/et_pb_text][\/et_pb_column][et_pb_column type=\u00a0\u00bb3_5&Prime; _builder_version=\u00a0\u00bb4.14.5&Prime; _module_preset=\u00a0\u00bbdefault\u00a0\u00bb global_colors_info=\u00a0\u00bb{}\u00a0\u00bb theme_builder_area=\u00a0\u00bbpost_content\u00a0\u00bb][et_pb_text _builder_version=\u00a0\u00bb4.14.5&Prime; _module_preset=\u00a0\u00bbdefault\u00a0\u00bb theme_builder_area=\u00a0\u00bbpost_content\u00a0\u00bb hover_enabled=\u00a0\u00bb0&Prime; sticky_enabled=\u00a0\u00bb0&Prime;]<\/p>\n<p><strong>Les tapis et carpettes peuvent retenir et accumuler des allerg\u00e8nes.<\/strong><\/p>\n<p>Comme la poussi\u00e8re, les squames d\u2019animaux, le pollen et la moisissure, qui peuvent se retrouver en suspension dans l\u2019air lorsque vous ou vos animaux marchez dessus. Passez l\u2019aspirateur avec un appareil \u00e9quip\u00e9 d\u2019un filtre HEPA et d\u2019un bac pouvant \u00eatre vid\u00e9 apr\u00e8s chaque utilisation. \u00c9vitez les tapis et les lourds rideaux dans la chambre \u00e0 coucher.  <\/p>\n<p>[\/et_pb_text][\/et_pb_column][\/et_pb_row][et_pb_row column_structure=\u00a0\u00bb2_5,3_5&Prime; _builder_version=\u00a0\u00bb4.14.5&Prime; _module_preset=\u00a0\u00bbdefault\u00a0\u00bb global_colors_info=\u00a0\u00bb{}\u00a0\u00bb theme_builder_area=\u00a0\u00bbpost_content\u00a0\u00bb][et_pb_column type=\u00a0\u00bb2_5&Prime; _builder_version=\u00a0\u00bb4.14.5&Prime; _module_preset=\u00a0\u00bbdefault\u00a0\u00bb global_colors_info=\u00a0\u00bb{}\u00a0\u00bb theme_builder_area=\u00a0\u00bbpost_content\u00a0\u00bb][et_pb_text _builder_version=\u00a0\u00bb4.14.5&Prime; _module_preset=\u00a0\u00bbdefault\u00a0\u00bb max_width=\u00a0\u00bb600px\u00a0\u00bb module_alignment=\u00a0\u00bbcenter\u00a0\u00bb hover_enabled=\u00a0\u00bb0&Prime; global_colors_info=\u00a0\u00bb{}\u00a0\u00bb theme_builder_area=\u00a0\u00bbpost_content\u00a0\u00bb sticky_enabled=\u00a0\u00bb0&Prime;]<\/p>\n<h4>Contr\u00f4lez l\u2019exc\u00e8s d\u2019humidit\u00e9 dans votre maison.<\/h4>\n<p>[\/et_pb_text][\/et_pb_column][et_pb_column type=\u00a0\u00bb3_5&Prime; _builder_version=\u00a0\u00bb4.14.5&Prime; _module_preset=\u00a0\u00bbdefault\u00a0\u00bb global_colors_info=\u00a0\u00bb{}\u00a0\u00bb theme_builder_area=\u00a0\u00bbpost_content\u00a0\u00bb][et_pb_text _builder_version=\u00a0\u00bb4.14.5&Prime; _module_preset=\u00a0\u00bbdefault\u00a0\u00bb theme_builder_area=\u00a0\u00bbpost_content\u00a0\u00bb hover_enabled=\u00a0\u00bb0&Prime; sticky_enabled=\u00a0\u00bb0&Prime;]<\/p>\n<p><strong>Maintenez un niveau d\u2019humidit\u00e9 constant entre 40 et 60 %.<\/strong><\/p>\n<p>Utilisez un d\u00e9shumidificateur si n\u00e9cessaire pour aider \u00e0 r\u00e9duire l\u2019exc\u00e8s d\u2019humidit\u00e9 dans la maison, et un purificateur d\u2019air portable pour diminuer les spores de moisissure qui pourraient d\u00e9j\u00e0 \u00eatre pr\u00e9sentes.<\/p>\n<p>[\/et_pb_text][\/et_pb_column][\/et_pb_row][et_pb_row _builder_version=\u00a0\u00bb4.14.5&Prime; _module_preset=\u00a0\u00bbdefault\u00a0\u00bb theme_builder_area=\u00a0\u00bbpost_content\u00a0\u00bb custom_padding=\u00a0\u00bb||64px|||\u00a0\u00bb][et_pb_column _builder_version=\u00a0\u00bb4.14.5&Prime; _module_preset=\u00a0\u00bbdefault\u00a0\u00bb type=\u00a0\u00bb4_4&Prime; theme_builder_area=\u00a0\u00bbpost_content\u00a0\u00bb][et_pb_text _builder_version=\u00a0\u00bb4.14.5&Prime; _module_preset=\u00a0\u00bbdefault\u00a0\u00bb theme_builder_area=\u00a0\u00bbpost_content\u00a0\u00bb hover_enabled=\u00a0\u00bb0&Prime; sticky_enabled=\u00a0\u00bb0&Prime;]<\/p>\n<p>1 Selon les r\u00e9sultats de l\u2019enqu\u00eate Cascade Research de novembre 2014, 80 allergologues sur 84 (95 %) ayant r\u00e9pondu recommandent la marque de purificateurs d\u2019air portables \u00ab Honeywell \u00bb \u00e0 leurs patients.<\/p>\n<p>2 Parmi l\u2019air qui passe \u00e0 travers les filtres, les particules de 0,3 micron et plus.<\/p>\n<p>[\/et_pb_text][\/et_pb_column][\/et_pb_row][\/et_pb_section]<\/p>\n","protected":false},"excerpt":{"rendered":"<p>Conseils sur la qualit\u00e9 de l\u2019air pour les patientsContr\u00f4lez la source des allerg\u00e8nes.Ne laissez pas la poussi\u00e8re s\u2019accumuler. Gardez les fen\u00eatres et les portes ferm\u00e9es lorsque le taux d\u2019allerg\u00e8nes ext\u00e9rieurs, comme le pollen, est \u00e9lev\u00e9.Utilisez un purificateur d\u2019air pour r\u00e9duire les allerg\u00e8nes dans votre environnement domestique.Le vrai HEPA \u00e0 la rescousse. Les purificateurs d\u2019air avec [&hellip;]<\/p>\n","protected":false},"author":1,"featured_media":0,"parent":0,"menu_order":0,"comment_status":"closed","ping_status":"closed","template":"","meta":{"_et_pb_use_builder":"on","_et_pb_old_content":"","_et_gb_content_width":"","footnotes":""},"class_list":["post-11489","page","type-page","status-publish","hentry"],"acf":[],"yoast_head":"<!-- This site is optimized with the Yoast SEO plugin v26.9 - https:\/\/yoast.com\/product\/yoast-seo-wordpress\/ -->\n<title>Conseils sur la qualit\u00e9 de l\u2019air pour les patients - Honeywell Plugged In CA<\/title>\n<meta name=\"robots\" content=\"noindex, follow, max-snippet:-1, max-image-preview:large, max-video-preview:-1\" \/>\n<meta property=\"og:locale\" content=\"fr_FR\" \/>\n<meta property=\"og:type\" content=\"article\" \/>\n<meta property=\"og:title\" content=\"Conseils sur la qualit\u00e9 de l\u2019air pour les patients - Honeywell Plugged In CA\" \/>\n<meta property=\"og:description\" content=\"Conseils sur la qualit\u00e9 de l\u2019air pour les patientsContr\u00f4lez la source des allerg\u00e8nes.Ne laissez pas la poussi\u00e8re s\u2019accumuler. Gardez les fen\u00eatres et les portes ferm\u00e9es lorsque le taux d\u2019allerg\u00e8nes ext\u00e9rieurs, comme le pollen, est \u00e9lev\u00e9.Utilisez un purificateur d\u2019air pour r\u00e9duire les allerg\u00e8nes dans votre environnement domestique.Le vrai HEPA \u00e0 la rescousse. Les purificateurs d\u2019air avec [&hellip;]\" \/>\n<meta property=\"og:url\" content=\"https:\/\/honeywellpluggedin.ca\/fr\/conseils-sur-la-qualite-de-lair-pour-les-patients\/\" \/>\n<meta property=\"og:site_name\" content=\"Honeywell Plugged In CA\" \/>\n<meta property=\"article:modified_time\" content=\"2025-07-15T14:22:58+00:00\" \/>\n<meta name=\"twitter:card\" content=\"summary_large_image\" \/>\n<meta name=\"twitter:label1\" content=\"Est. reading time\" \/>\n\t<meta name=\"twitter:data1\" content=\"9 minutes\" \/>\n<script type=\"application\/ld+json\" class=\"yoast-schema-graph\">{\"@context\":\"https:\/\/schema.org\",\"@graph\":[{\"@type\":\"WebPage\",\"@id\":\"https:\/\/honeywellpluggedin.ca\/fr\/conseils-sur-la-qualite-de-lair-pour-les-patients\/\",\"url\":\"https:\/\/honeywellpluggedin.ca\/fr\/conseils-sur-la-qualite-de-lair-pour-les-patients\/\",\"name\":\"Conseils sur la qualit\u00e9 de l\u2019air pour les patients - Honeywell Plugged In CA\",\"isPartOf\":{\"@id\":\"https:\/\/honeywellpluggedin.ca\/#website\"},\"datePublished\":\"2022-10-24T15:58:24+00:00\",\"dateModified\":\"2025-07-15T14:22:58+00:00\",\"breadcrumb\":{\"@id\":\"https:\/\/honeywellpluggedin.ca\/fr\/conseils-sur-la-qualite-de-lair-pour-les-patients\/#breadcrumb\"},\"inLanguage\":\"fr-FR\",\"potentialAction\":[{\"@type\":\"ReadAction\",\"target\":[\"https:\/\/honeywellpluggedin.ca\/fr\/conseils-sur-la-qualite-de-lair-pour-les-patients\/\"]}]},{\"@type\":\"BreadcrumbList\",\"@id\":\"https:\/\/honeywellpluggedin.ca\/fr\/conseils-sur-la-qualite-de-lair-pour-les-patients\/#breadcrumb\",\"itemListElement\":[{\"@type\":\"ListItem\",\"position\":1,\"name\":\"Home\",\"item\":\"https:\/\/honeywellpluggedin.ca\/fr\/\"},{\"@type\":\"ListItem\",\"position\":2,\"name\":\"Conseils sur la qualit\u00e9 de l\u2019air pour les patients\"}]},{\"@type\":\"WebSite\",\"@id\":\"https:\/\/honeywellpluggedin.ca\/#website\",\"url\":\"https:\/\/honeywellpluggedin.ca\/\",\"name\":\"Honeywell Plugged In CA\",\"description\":\"Live More Comfortably\",\"potentialAction\":[{\"@type\":\"SearchAction\",\"target\":{\"@type\":\"EntryPoint\",\"urlTemplate\":\"https:\/\/honeywellpluggedin.ca\/?s={search_term_string}\"},\"query-input\":{\"@type\":\"PropertyValueSpecification\",\"valueRequired\":true,\"valueName\":\"search_term_string\"}}],\"inLanguage\":\"fr-FR\"}]}<\/script>\n<!-- \/ Yoast SEO plugin. -->","yoast_head_json":{"title":"Conseils sur la qualit\u00e9 de l\u2019air pour les patients - Honeywell Plugged In CA","robots":{"index":"noindex","follow":"follow","max-snippet":"max-snippet:-1","max-image-preview":"max-image-preview:large","max-video-preview":"max-video-preview:-1"},"og_locale":"fr_FR","og_type":"article","og_title":"Conseils sur la qualit\u00e9 de l\u2019air pour les patients - Honeywell Plugged In CA","og_description":"Conseils sur la qualit\u00e9 de l\u2019air pour les patientsContr\u00f4lez la source des allerg\u00e8nes.Ne laissez pas la poussi\u00e8re s\u2019accumuler. Gardez les fen\u00eatres et les portes ferm\u00e9es lorsque le taux d\u2019allerg\u00e8nes ext\u00e9rieurs, comme le pollen, est \u00e9lev\u00e9.Utilisez un purificateur d\u2019air pour r\u00e9duire les allerg\u00e8nes dans votre environnement domestique.Le vrai HEPA \u00e0 la rescousse. Les purificateurs d\u2019air avec [&hellip;]","og_url":"https:\/\/honeywellpluggedin.ca\/fr\/conseils-sur-la-qualite-de-lair-pour-les-patients\/","og_site_name":"Honeywell Plugged In CA","article_modified_time":"2025-07-15T14:22:58+00:00","twitter_card":"summary_large_image","twitter_misc":{"Est. reading time":"9 minutes"},"schema":{"@context":"https:\/\/schema.org","@graph":[{"@type":"WebPage","@id":"https:\/\/honeywellpluggedin.ca\/fr\/conseils-sur-la-qualite-de-lair-pour-les-patients\/","url":"https:\/\/honeywellpluggedin.ca\/fr\/conseils-sur-la-qualite-de-lair-pour-les-patients\/","name":"Conseils sur la qualit\u00e9 de l\u2019air pour les patients - Honeywell Plugged In CA","isPartOf":{"@id":"https:\/\/honeywellpluggedin.ca\/#website"},"datePublished":"2022-10-24T15:58:24+00:00","dateModified":"2025-07-15T14:22:58+00:00","breadcrumb":{"@id":"https:\/\/honeywellpluggedin.ca\/fr\/conseils-sur-la-qualite-de-lair-pour-les-patients\/#breadcrumb"},"inLanguage":"fr-FR","potentialAction":[{"@type":"ReadAction","target":["https:\/\/honeywellpluggedin.ca\/fr\/conseils-sur-la-qualite-de-lair-pour-les-patients\/"]}]},{"@type":"BreadcrumbList","@id":"https:\/\/honeywellpluggedin.ca\/fr\/conseils-sur-la-qualite-de-lair-pour-les-patients\/#breadcrumb","itemListElement":[{"@type":"ListItem","position":1,"name":"Home","item":"https:\/\/honeywellpluggedin.ca\/fr\/"},{"@type":"ListItem","position":2,"name":"Conseils sur la qualit\u00e9 de l\u2019air pour les patients"}]},{"@type":"WebSite","@id":"https:\/\/honeywellpluggedin.ca\/#website","url":"https:\/\/honeywellpluggedin.ca\/","name":"Honeywell Plugged In CA","description":"Live More Comfortably","potentialAction":[{"@type":"SearchAction","target":{"@type":"EntryPoint","urlTemplate":"https:\/\/honeywellpluggedin.ca\/?s={search_term_string}"},"query-input":{"@type":"PropertyValueSpecification","valueRequired":true,"valueName":"search_term_string"}}],"inLanguage":"fr-FR"}]}},"_links":{"self":[{"href":"https:\/\/honeywellpluggedin.ca\/fr\/wp-json\/wp\/v2\/pages\/11489","targetHints":{"allow":["GET"]}}],"collection":[{"href":"https:\/\/honeywellpluggedin.ca\/fr\/wp-json\/wp\/v2\/pages"}],"about":[{"href":"https:\/\/honeywellpluggedin.ca\/fr\/wp-json\/wp\/v2\/types\/page"}],"author":[{"embeddable":true,"href":"https:\/\/honeywellpluggedin.ca\/fr\/wp-json\/wp\/v2\/users\/1"}],"replies":[{"embeddable":true,"href":"https:\/\/honeywellpluggedin.ca\/fr\/wp-json\/wp\/v2\/comments?post=11489"}],"version-history":[{"count":2,"href":"https:\/\/honeywellpluggedin.ca\/fr\/wp-json\/wp\/v2\/pages\/11489\/revisions"}],"predecessor-version":[{"id":11491,"href":"https:\/\/honeywellpluggedin.ca\/fr\/wp-json\/wp\/v2\/pages\/11489\/revisions\/11491"}],"wp:attachment":[{"href":"https:\/\/honeywellpluggedin.ca\/fr\/wp-json\/wp\/v2\/media?parent=11489"}],"curies":[{"name":"wp","href":"https:\/\/api.w.org\/{rel}","templated":true}]}}